{"id":37890,"date":"2024-05-23T09:15:16","date_gmt":"2024-05-23T09:15:16","guid":{"rendered":"https:\/\/egm4210.live-website.com\/francesc-arno"},"modified":"2025-01-25T17:08:50","modified_gmt":"2025-01-25T17:08:50","slug":"francesc-arno","status":"publish","type":"page","link":"http:\/\/ftpweb.egm.es\/ca\/francesc-arno","title":{"rendered":"Francesc Arn\u00f3"},"content":{"rendered":"\n\t<div id=\"gap-1999384756\" class=\"gap-element clearfix\" style=\"display:block; height:auto;\">\n\t\t\n<style>\n#gap-1999384756 {\n  padding-top: 30px;\n}\n<\/style>\n\t<\/div>\n\t\n\n<div class=\"row\"  id=\"row-641445745\">\n\n\n\t<div id=\"col-1576566336\" class=\"col medium-6 small-12 large-6\"  >\n\t\t\t\t<div class=\"col-inner\"  >\n\t\t\t\n\t\t\t\n\n<h1 style=\"font-size: 3em;\"><strong>Francesc Arn\u00f3<\/strong><\/h1>\n<h3><strong>fot\u00f2graf<\/strong><\/h3>\n<p>Francesc Arn\u00f3 fot\u00f2grafo autodidacta, amb una llarga i extensa traject\u00f2ria. Format a l&#8217;exigent camp de la fotografia publicit\u00e0ria i de moda. Inquiet, curi\u00f3s i viatger incansable, desenvolupa la seva obra art\u00edstica m\u00e9s personal, que plasma en diferents exposicions, entre les quals destaquen Per\u00fa al mirall (2004), Reflexos (2005), Surfaces (2007), Or\u00edgens (2014) i Forats al cel (2018).<\/p>\n<p><span style=\"color: #000000;\"><a style=\"color: #000000;\" href=\"http:\/\/francescarno.com\" target=\"_blank\" rel=\"noopener\"><strong>francescarno.com<\/strong><\/a><\/span><\/p>\n<div class=\"social-icons follow-icons\" ><a href=\"https:\/\/www.instagram.com\/fotograf_arno\" target=\"_blank\" data-label=\"Instagram\" class=\"icon button circle is-outline instagram tooltip\" title=\"Seguiu-nos a Instagram\" aria-label=\"Seguiu-nos a Instagram\" rel=\"noopener nofollow\" ><i class=\"icon-instagram\" ><\/i><\/a><a href=\"mailto:estudi@francescarno.com\" data-label=\"E-mail\" target=\"_blank\" class=\"icon button circle is-outline email tooltip\" title=\"Envia&#039;ns un email\" aria-label=\"Envia&#039;ns un email\" rel=\"nofollow noopener\" ><i class=\"icon-envelop\" ><\/i><\/a><\/div>\n\n\n\t\t<\/div>\n\t\t\t\t\t<\/div>\n\n\t\n\n\t<div id=\"col-1107129905\" class=\"col medium-6 small-12 large-6\"  >\n\t\t\t\t<div class=\"col-inner\"  >\n\t\t\t\n\t\t\t\n\n\t<div class=\"img has-hover x md-x lg-x y md-y lg-y\" id=\"image_335297866\">\n\t\t\t\t\t\t\t\t<div class=\"img-inner dark\" >\n\t\t\t<img loading=\"lazy\" decoding=\"async\" width=\"672\" height=\"672\" src=\"http:\/\/ftpweb.egm.es\/wp-content\/uploads\/2021\/06\/Retrat-Francesc-Arno.jpg\" class=\"attachment-large size-large\" alt=\"\" \/>\t\t\t\t\t\t\n\t\t\t\t\t<\/div>\n\t\t\t\t\t\t\t\t\n<style>\n#image_335297866 {\n  width: 100%;\n}\n<\/style>\n\t<\/div>\n\t\n\n\n\t\t<\/div>\n\t\t\t\t\t<\/div>\n\n\t\n\n<\/div>\n\t<div id=\"gap-191270641\" class=\"gap-element clearfix\" style=\"display:block; height:auto;\">\n\t\t\n<style>\n#gap-191270641 {\n  padding-top: 30px;\n}\n<\/style>\n\t<\/div>\n\t\n\n<div class=\"row\"  id=\"row-2019933282\">\n\n\n\t<div id=\"col-1651795919\" class=\"col small-12 large-12\"  >\n\t\t\t\t<div class=\"col-inner\"  >\n\t\t\t\n\t\t\t\n\n<h3 style=\"text-align: center;\"><strong>Obra fotogr\u00e0fica<br><\/strong><\/h3>\n\n\t\t<\/div>\n\t\t\t\t\t<\/div>\n\n\t\n\n<\/div>\n\t<div id=\"gap-868527913\" class=\"gap-element clearfix\" style=\"display:block; height:auto;\">\n\t\t\n<style>\n#gap-868527913 {\n  padding-top: 30px;\n}\n<\/style>\n\t<\/div>\n\t\n\n\n  \n    <div class=\"row large-columns-3 medium-columns- small-columns-1 slider row-slider slider-nav-reveal\"  data-flickity-options='{\"imagesLoaded\": true, \"groupCells\": \"100%\", \"dragThreshold\" : 5, \"cellAlign\": \"left\",\"wrapAround\": true,\"prevNextButtons\": true,\"percentPosition\": true,\"pageDots\": false, \"rightToLeft\": false, \"autoPlay\" : 3000}' >\n\n  <div class=\"gallery-col col\" >\n          <div class=\"col-inner\">\n            <a class=\"image-lightbox lightbox-gallery\" href=\"http:\/\/ftpweb.egm.es\/wp-content\/uploads\/2021\/06\/06-724x1024.jpg\" title=\"\">            <div class=\"box has-hover gallery-box box-overlay dark\">\n              <div class=\"box-image image-cover\" style=\"padding-top:100%;\">\n                <img loading=\"lazy\" decoding=\"async\" width=\"212\" height=\"300\" src=\"http:\/\/ftpweb.egm.es\/wp-content\/uploads\/2021\/06\/06-212x300.jpg\" class=\"attachment-medium size-medium\" alt=\"\" ids=\"21078,21079,21077,21073,21074,21076,21075,21080,21081,21083\" type=\"slider\" columns=\"3\" columns__sm=\"1\" auto_slide=\"3000\" image_height=\"100%\" \/>                                  <div class=\"overlay fill\"\n                      style=\"background-color: rgba(0,0,0,.15)\">\n                  <\/div>\n                                                              <\/div>\n              <div class=\"box-text text-left\" >\n                 <p><\/p>\n              <\/div>\n            <\/div>\n            <\/a>          <\/div>\n         <\/div><div class=\"gallery-col col\" >\n          <div class=\"col-inner\">\n            <a class=\"image-lightbox lightbox-gallery\" href=\"http:\/\/ftpweb.egm.es\/wp-content\/uploads\/2021\/06\/07-1024x692.jpg\" title=\"\">            <div class=\"box has-hover gallery-box box-overlay dark\">\n              <div class=\"box-image image-cover\" style=\"padding-top:100%;\">\n                <img loading=\"lazy\" decoding=\"async\" width=\"300\" height=\"203\" src=\"http:\/\/ftpweb.egm.es\/wp-content\/uploads\/2021\/06\/07-300x203.jpg\" class=\"attachment-medium size-medium\" alt=\"\" ids=\"21078,21079,21077,21073,21074,21076,21075,21080,21081,21083\" type=\"slider\" columns=\"3\" columns__sm=\"1\" auto_slide=\"3000\" image_height=\"100%\" \/>                                  <div class=\"overlay fill\"\n                      style=\"background-color: rgba(0,0,0,.15)\">\n                  <\/div>\n                                                              <\/div>\n              <div class=\"box-text text-left\" >\n                 <p><\/p>\n              <\/div>\n            <\/div>\n            <\/a>          <\/div>\n         <\/div><div class=\"gallery-col col\" >\n          <div class=\"col-inner\">\n            <a class=\"image-lightbox lightbox-gallery\" href=\"http:\/\/ftpweb.egm.es\/wp-content\/uploads\/2021\/06\/05-683x1024.jpg\" title=\"\">            <div class=\"box has-hover gallery-box box-overlay dark\">\n              <div class=\"box-image image-cover\" style=\"padding-top:100%;\">\n                <img loading=\"lazy\" decoding=\"async\" width=\"200\" height=\"300\" src=\"http:\/\/ftpweb.egm.es\/wp-content\/uploads\/2021\/06\/05-200x300.jpg\" class=\"attachment-medium size-medium\" alt=\"\" ids=\"21078,21079,21077,21073,21074,21076,21075,21080,21081,21083\" type=\"slider\" columns=\"3\" columns__sm=\"1\" auto_slide=\"3000\" image_height=\"100%\" \/>                                  <div class=\"overlay fill\"\n                      style=\"background-color: rgba(0,0,0,.15)\">\n                  <\/div>\n                                                              <\/div>\n              <div class=\"box-text text-left\" >\n                 <p><\/p>\n              <\/div>\n            <\/div>\n            <\/a>          <\/div>\n         <\/div><div class=\"gallery-col col\" >\n          <div class=\"col-inner\">\n            <a class=\"image-lightbox lightbox-gallery\" href=\"http:\/\/ftpweb.egm.es\/wp-content\/uploads\/2021\/06\/01-1024x683.jpg\" title=\"\">            <div class=\"box has-hover gallery-box box-overlay dark\">\n              <div class=\"box-image image-cover\" style=\"padding-top:100%;\">\n                <img loading=\"lazy\" decoding=\"async\" width=\"300\" height=\"200\" src=\"http:\/\/ftpweb.egm.es\/wp-content\/uploads\/2021\/06\/01-300x200.jpg\" class=\"attachment-medium size-medium\" alt=\"\" ids=\"21078,21079,21077,21073,21074,21076,21075,21080,21081,21083\" type=\"slider\" columns=\"3\" columns__sm=\"1\" auto_slide=\"3000\" image_height=\"100%\" \/>                                  <div class=\"overlay fill\"\n                      style=\"background-color: rgba(0,0,0,.15)\">\n                  <\/div>\n                                                              <\/div>\n              <div class=\"box-text text-left\" >\n                 <p><\/p>\n              <\/div>\n            <\/div>\n            <\/a>          <\/div>\n         <\/div><div class=\"gallery-col col\" >\n          <div class=\"col-inner\">\n            <a class=\"image-lightbox lightbox-gallery\" href=\"http:\/\/ftpweb.egm.es\/wp-content\/uploads\/2021\/06\/02-1024x683.jpg\" title=\"\">            <div class=\"box has-hover gallery-box box-overlay dark\">\n              <div class=\"box-image image-cover\" style=\"padding-top:100%;\">\n                <img loading=\"lazy\" decoding=\"async\" width=\"300\" height=\"200\" src=\"http:\/\/ftpweb.egm.es\/wp-content\/uploads\/2021\/06\/02-300x200.jpg\" class=\"attachment-medium size-medium\" alt=\"\" ids=\"21078,21079,21077,21073,21074,21076,21075,21080,21081,21083\" type=\"slider\" columns=\"3\" columns__sm=\"1\" auto_slide=\"3000\" image_height=\"100%\" \/>                                  <div class=\"overlay fill\"\n                      style=\"background-color: rgba(0,0,0,.15)\">\n                  <\/div>\n                                                              <\/div>\n              <div class=\"box-text text-left\" >\n                 <p><\/p>\n              <\/div>\n            <\/div>\n            <\/a>          <\/div>\n         <\/div><div class=\"gallery-col col\" >\n          <div class=\"col-inner\">\n            <a class=\"image-lightbox lightbox-gallery\" href=\"http:\/\/ftpweb.egm.es\/wp-content\/uploads\/2021\/06\/04-1024x822.jpg\" title=\"\">            <div class=\"box has-hover gallery-box box-overlay dark\">\n              <div class=\"box-image image-cover\" style=\"padding-top:100%;\">\n                <img loading=\"lazy\" decoding=\"async\" width=\"300\" height=\"241\" src=\"http:\/\/ftpweb.egm.es\/wp-content\/uploads\/2021\/06\/04-300x241.jpg\" class=\"attachment-medium size-medium\" alt=\"\" ids=\"21078,21079,21077,21073,21074,21076,21075,21080,21081,21083\" type=\"slider\" columns=\"3\" columns__sm=\"1\" auto_slide=\"3000\" image_height=\"100%\" \/>                                  <div class=\"overlay fill\"\n                      style=\"background-color: rgba(0,0,0,.15)\">\n                  <\/div>\n                                                              <\/div>\n              <div class=\"box-text text-left\" >\n                 <p><\/p>\n              <\/div>\n            <\/div>\n            <\/a>          <\/div>\n         <\/div><div class=\"gallery-col col\" >\n          <div class=\"col-inner\">\n            <a class=\"image-lightbox lightbox-gallery\" href=\"http:\/\/ftpweb.egm.es\/wp-content\/uploads\/2021\/06\/03-1024x818.jpg\" title=\"\">            <div class=\"box has-hover gallery-box box-overlay dark\">\n              <div class=\"box-image image-cover\" style=\"padding-top:100%;\">\n                <img loading=\"lazy\" decoding=\"async\" width=\"300\" height=\"240\" src=\"http:\/\/ftpweb.egm.es\/wp-content\/uploads\/2021\/06\/03-300x240.jpg\" class=\"attachment-medium size-medium\" alt=\"\" ids=\"21078,21079,21077,21073,21074,21076,21075,21080,21081,21083\" type=\"slider\" columns=\"3\" columns__sm=\"1\" auto_slide=\"3000\" image_height=\"100%\" \/>                                  <div class=\"overlay fill\"\n                      style=\"background-color: rgba(0,0,0,.15)\">\n                  <\/div>\n                                                              <\/div>\n              <div class=\"box-text text-left\" >\n                 <p><\/p>\n              <\/div>\n            <\/div>\n            <\/a>          <\/div>\n         <\/div><div class=\"gallery-col col\" >\n          <div class=\"col-inner\">\n            <a class=\"image-lightbox lightbox-gallery\" href=\"http:\/\/ftpweb.egm.es\/wp-content\/uploads\/2021\/06\/08-1024x774.jpg\" title=\"\">            <div class=\"box has-hover gallery-box box-overlay dark\">\n              <div class=\"box-image image-cover\" style=\"padding-top:100%;\">\n                <img loading=\"lazy\" decoding=\"async\" width=\"300\" height=\"227\" src=\"http:\/\/ftpweb.egm.es\/wp-content\/uploads\/2021\/06\/08-300x227.jpg\" class=\"attachment-medium size-medium\" alt=\"\" ids=\"21078,21079,21077,21073,21074,21076,21075,21080,21081,21083\" type=\"slider\" columns=\"3\" columns__sm=\"1\" auto_slide=\"3000\" image_height=\"100%\" \/>                                  <div class=\"overlay fill\"\n                      style=\"background-color: rgba(0,0,0,.15)\">\n                  <\/div>\n                                                              <\/div>\n              <div class=\"box-text text-left\" >\n                 <p><\/p>\n              <\/div>\n            <\/div>\n            <\/a>          <\/div>\n         <\/div><div class=\"gallery-col col\" >\n          <div class=\"col-inner\">\n            <a class=\"image-lightbox lightbox-gallery\" href=\"http:\/\/ftpweb.egm.es\/wp-content\/uploads\/2021\/06\/09-828x1024.jpg\" title=\"\">            <div class=\"box has-hover gallery-box box-overlay dark\">\n              <div class=\"box-image image-cover\" style=\"padding-top:100%;\">\n                <img loading=\"lazy\" decoding=\"async\" width=\"243\" height=\"300\" src=\"http:\/\/ftpweb.egm.es\/wp-content\/uploads\/2021\/06\/09-243x300.jpg\" class=\"attachment-medium size-medium\" alt=\"\" ids=\"21078,21079,21077,21073,21074,21076,21075,21080,21081,21083\" type=\"slider\" columns=\"3\" columns__sm=\"1\" auto_slide=\"3000\" image_height=\"100%\" \/>                                  <div class=\"overlay fill\"\n                      style=\"background-color: rgba(0,0,0,.15)\">\n                  <\/div>\n                                                              <\/div>\n              <div class=\"box-text text-left\" >\n                 <p><\/p>\n              <\/div>\n            <\/div>\n            <\/a>          <\/div>\n         <\/div><div class=\"gallery-col col\" >\n          <div class=\"col-inner\">\n            <a class=\"image-lightbox lightbox-gallery\" href=\"http:\/\/ftpweb.egm.es\/wp-content\/uploads\/2021\/06\/10-819x1024.jpg\" title=\"\">            <div class=\"box has-hover gallery-box box-overlay dark\">\n              <div class=\"box-image image-cover\" style=\"padding-top:100%;\">\n                <img loading=\"lazy\" decoding=\"async\" width=\"240\" height=\"300\" src=\"http:\/\/ftpweb.egm.es\/wp-content\/uploads\/2021\/06\/10-240x300.jpg\" class=\"attachment-medium size-medium\" alt=\"\" ids=\"21078,21079,21077,21073,21074,21076,21075,21080,21081,21083\" type=\"slider\" columns=\"3\" columns__sm=\"1\" auto_slide=\"3000\" image_height=\"100%\" \/>                                  <div class=\"overlay fill\"\n                      style=\"background-color: rgba(0,0,0,.15)\">\n                  <\/div>\n                                                              <\/div>\n              <div class=\"box-text text-left\" >\n                 <p><\/p>\n              <\/div>\n            <\/div>\n            <\/a>          <\/div>\n         <\/div><\/div>\n\n\t<div id=\"gap-133930374\" class=\"gap-element clearfix\" style=\"display:block; height:auto;\">\n\t\t\n<style>\n#gap-133930374 {\n  padding-top: 30px;\n}\n<\/style>\n\t<\/div>\n\t\n\n<div class=\"row\"  id=\"row-396778837\">\n\n\n\t<div id=\"col-631641806\" class=\"col small-12 large-12\"  >\n\t\t\t\t<div class=\"col-inner text-center\"  >\n\t\t\t\n\t\t\t\n\n<a href=\"https:\/\/egm.es\/ca\/expo-gallery\" class=\"button primary is-outline lowercase\"  style=\"border-radius:6px;\">\n    <span>Expo Gallery<\/span>\n  <\/a>\n\n\n\n\t\t<\/div>\n\t\t\t\t\t<\/div>\n\n\t\n\n<\/div>\n\n","protected":false},"excerpt":{"rendered":"","protected":false},"author":2,"featured_media":0,"parent":0,"menu_order":0,"comment_status":"closed","ping_status":"closed","template":"","meta":{"footnotes":""},"class_list":["post-37890","page","type-page","status-publish","hentry"],"yoast_head":"<!-- This site is optimized with the Yoast SEO plugin v27.3 - https:\/\/yoast.com\/product\/yoast-seo-wordpress\/ -->\n<title>Francesc Arn\u00f3 - EGM<\/title>\n<meta name=\"robots\" content=\"index, follow, max-snippet:-1, max-image-preview:large, max-video-preview:-1\" \/>\n<link rel=\"canonical\" href=\"http:\/\/ftpweb.egm.es\/ca\/francesc-arno\" \/>\n<meta property=\"og:locale\" content=\"ca_ES\" \/>\n<meta property=\"og:type\" content=\"article\" \/>\n<meta property=\"og:title\" content=\"Francesc Arn\u00f3 - EGM\" \/>\n<meta property=\"og:url\" content=\"http:\/\/ftpweb.egm.es\/ca\/francesc-arno\" \/>\n<meta property=\"og:site_name\" content=\"EGM\" \/>\n<meta property=\"article:modified_time\" content=\"2025-01-25T17:08:50+00:00\" \/>\n<meta name=\"twitter:card\" content=\"summary_large_image\" \/>\n<meta name=\"twitter:label1\" content=\"Temps estimat de lectura\" \/>\n\t<meta name=\"twitter:data1\" content=\"1 minut\" \/>\n<script type=\"application\/ld+json\" class=\"yoast-schema-graph\">{\"@context\":\"https:\\\/\\\/schema.org\",\"@graph\":[{\"@type\":\"WebPage\",\"@id\":\"http:\\\/\\\/ftpweb.egm.es\\\/ca\\\/francesc-arno\",\"url\":\"http:\\\/\\\/ftpweb.egm.es\\\/ca\\\/francesc-arno\",\"name\":\"Francesc Arn\u00f3 - EGM\",\"isPartOf\":{\"@id\":\"https:\\\/\\\/www2.egm.es\\\/#website\"},\"datePublished\":\"2024-05-23T09:15:16+00:00\",\"dateModified\":\"2025-01-25T17:08:50+00:00\",\"breadcrumb\":{\"@id\":\"http:\\\/\\\/ftpweb.egm.es\\\/ca\\\/francesc-arno#breadcrumb\"},\"inLanguage\":\"ca\",\"potentialAction\":[{\"@type\":\"ReadAction\",\"target\":[\"http:\\\/\\\/ftpweb.egm.es\\\/ca\\\/francesc-arno\"]}]},{\"@type\":\"BreadcrumbList\",\"@id\":\"http:\\\/\\\/ftpweb.egm.es\\\/ca\\\/francesc-arno#breadcrumb\",\"itemListElement\":[{\"@type\":\"ListItem\",\"position\":1,\"name\":\"Portada\",\"item\":\"http:\\\/\\\/www.egm.es\\\/ca\"},{\"@type\":\"ListItem\",\"position\":2,\"name\":\"Francesc Arn\u00f3\"}]},{\"@type\":\"WebSite\",\"@id\":\"https:\\\/\\\/www2.egm.es\\\/#website\",\"url\":\"https:\\\/\\\/www2.egm.es\\\/\",\"name\":\"EGM\",\"description\":\"Counicaci\u00f3n visual\",\"potentialAction\":[{\"@type\":\"SearchAction\",\"target\":{\"@type\":\"EntryPoint\",\"urlTemplate\":\"https:\\\/\\\/www2.egm.es\\\/?s={search_term_string}\"},\"query-input\":{\"@type\":\"PropertyValueSpecification\",\"valueRequired\":true,\"valueName\":\"search_term_string\"}}],\"inLanguage\":\"ca\"}]}<\/script>\n<!-- \/ Yoast SEO plugin. -->","yoast_head_json":{"title":"Francesc Arn\u00f3 - EGM","robots":{"index":"index","follow":"follow","max-snippet":"max-snippet:-1","max-image-preview":"max-image-preview:large","max-video-preview":"max-video-preview:-1"},"canonical":"http:\/\/ftpweb.egm.es\/ca\/francesc-arno","og_locale":"ca_ES","og_type":"article","og_title":"Francesc Arn\u00f3 - EGM","og_url":"http:\/\/ftpweb.egm.es\/ca\/francesc-arno","og_site_name":"EGM","article_modified_time":"2025-01-25T17:08:50+00:00","twitter_card":"summary_large_image","twitter_misc":{"Temps estimat de lectura":"1 minut"},"schema":{"@context":"https:\/\/schema.org","@graph":[{"@type":"WebPage","@id":"http:\/\/ftpweb.egm.es\/ca\/francesc-arno","url":"http:\/\/ftpweb.egm.es\/ca\/francesc-arno","name":"Francesc Arn\u00f3 - EGM","isPartOf":{"@id":"https:\/\/www2.egm.es\/#website"},"datePublished":"2024-05-23T09:15:16+00:00","dateModified":"2025-01-25T17:08:50+00:00","breadcrumb":{"@id":"http:\/\/ftpweb.egm.es\/ca\/francesc-arno#breadcrumb"},"inLanguage":"ca","potentialAction":[{"@type":"ReadAction","target":["http:\/\/ftpweb.egm.es\/ca\/francesc-arno"]}]},{"@type":"BreadcrumbList","@id":"http:\/\/ftpweb.egm.es\/ca\/francesc-arno#breadcrumb","itemListElement":[{"@type":"ListItem","position":1,"name":"Portada","item":"http:\/\/www.egm.es\/ca"},{"@type":"ListItem","position":2,"name":"Francesc Arn\u00f3"}]},{"@type":"WebSite","@id":"https:\/\/www2.egm.es\/#website","url":"https:\/\/www2.egm.es\/","name":"EGM","description":"Counicaci\u00f3n visual","potentialAction":[{"@type":"SearchAction","target":{"@type":"EntryPoint","urlTemplate":"https:\/\/www2.egm.es\/?s={search_term_string}"},"query-input":{"@type":"PropertyValueSpecification","valueRequired":true,"valueName":"search_term_string"}}],"inLanguage":"ca"}]}},"_links":{"self":[{"href":"http:\/\/ftpweb.egm.es\/ca\/wp-json\/wp\/v2\/pages\/37890","targetHints":{"allow":["GET"]}}],"collection":[{"href":"http:\/\/ftpweb.egm.es\/ca\/wp-json\/wp\/v2\/pages"}],"about":[{"href":"http:\/\/ftpweb.egm.es\/ca\/wp-json\/wp\/v2\/types\/page"}],"author":[{"embeddable":true,"href":"http:\/\/ftpweb.egm.es\/ca\/wp-json\/wp\/v2\/users\/2"}],"replies":[{"embeddable":true,"href":"http:\/\/ftpweb.egm.es\/ca\/wp-json\/wp\/v2\/comments?post=37890"}],"version-history":[{"count":1,"href":"http:\/\/ftpweb.egm.es\/ca\/wp-json\/wp\/v2\/pages\/37890\/revisions"}],"predecessor-version":[{"id":37891,"href":"http:\/\/ftpweb.egm.es\/ca\/wp-json\/wp\/v2\/pages\/37890\/revisions\/37891"}],"wp:attachment":[{"href":"http:\/\/ftpweb.egm.es\/ca\/wp-json\/wp\/v2\/media?parent=37890"}],"curies":[{"name":"wp","href":"https:\/\/api.w.org\/{rel}","templated":true}]}}