{"id":37892,"date":"2024-05-23T08:47:10","date_gmt":"2024-05-23T08:47:10","guid":{"rendered":"https:\/\/egm4210.live-website.com\/haide-costa"},"modified":"2025-01-25T17:10:22","modified_gmt":"2025-01-25T17:10:22","slug":"haide-costa","status":"publish","type":"page","link":"http:\/\/ftpweb.egm.es\/ca\/haide-costa","title":{"rendered":"Haid\u00e9 Costa"},"content":{"rendered":"\n\t<div id=\"gap-552534947\" class=\"gap-element clearfix\" style=\"display:block; height:auto;\">\n\t\t\n<style>\n#gap-552534947 {\n  padding-top: 30px;\n}\n<\/style>\n\t<\/div>\n\t\n\n<div class=\"row\"  id=\"row-1582078813\">\n\n\n\t<div id=\"col-716600398\" class=\"col medium-6 small-12 large-6\"  >\n\t\t\t\t<div class=\"col-inner\"  >\n\t\t\t\n\t\t\t\n\n<h1 style=\"font-size: 3em;\"><strong>Haid\u00e9 Costa<\/strong><\/h1>\n<h3><strong>Fot\u00f2grafa<\/strong><\/h3>\n<p>De nena dibuixava cavalls, vaig estudiar dret i em vaig convertir en advocada, despr\u00e9s en jutgessa, professora associada a la Universitat i finalment empres\u00e0ria, per\u00f2 ja des de molt jove solia portar la meva c\u00e0mera per tot arreu. La meva primera feina d&#8217;adolescent va ser en un laboratori de fotografia. Amb onze anys, em van publicar la meva primera fotografia eq\u00fcestre en una revista, aix\u00ed que podria dir que, sobretot, s\u00f3c fot\u00f2grafa. Potser tamb\u00e9 una mica aventurera perqu\u00e8 el 2012 ho vaig deixar tot per complir el meu somni de fer una volta al m\u00f3n durant m\u00e9s de sis mesos. Quan vaig tornar del gran viatge, vaig decidir reprendre de deb\u00f2 les meves passions, entre elles, la fotografia i l&#8217;equitaci\u00f3, i les vaig aconseguir unir per dedicar-m&#8217;hi professionalment, perqu\u00e8, en definitiva, si alguna cosa tinc clar \u00e9s que nom\u00e9s es viu una vegada.<\/p>\n<p><span style=\"color: #000000;\"><a style=\"color: #000000;\" href=\"https:\/\/haidecosta.com\/\" target=\"_blank\" rel=\"noopener\"><strong>haidecosta.com<\/strong><\/a><\/span><\/p>\n<div class=\"social-icons follow-icons\" ><a href=\"https:\/\/www.instagram.com\/haidecosta\/?hl=es\" target=\"_blank\" data-label=\"Instagram\" class=\"icon button circle is-outline instagram tooltip\" title=\"Seguiu-nos a Instagram\" aria-label=\"Seguiu-nos a Instagram\" rel=\"noopener nofollow\" ><i class=\"icon-instagram\" ><\/i><\/a><a href=\"mailto:costa.haide@gmail.com\" data-label=\"E-mail\" target=\"_blank\" class=\"icon button circle is-outline email tooltip\" title=\"Envia&#039;ns un email\" aria-label=\"Envia&#039;ns un email\" rel=\"nofollow noopener\" ><i class=\"icon-envelop\" ><\/i><\/a><\/div>\n\n\n\t\t<\/div>\n\t\t\t\t\t<\/div>\n\n\t\n\n\t<div id=\"col-2108378572\" class=\"col medium-6 small-12 large-6\"  >\n\t\t\t\t<div class=\"col-inner\"  >\n\t\t\t\n\t\t\t\n\n\t<div class=\"img has-hover x md-x lg-x y md-y lg-y\" id=\"image_239896857\">\n\t\t\t\t\t\t\t\t<div class=\"img-inner dark\" >\n\t\t\t<img loading=\"lazy\" decoding=\"async\" width=\"672\" height=\"672\" src=\"http:\/\/ftpweb.egm.es\/wp-content\/uploads\/2022\/05\/Retrat-Haide-Costa.jpg\" class=\"attachment-large size-large\" alt=\"\" \/>\t\t\t\t\t\t\n\t\t\t\t\t<\/div>\n\t\t\t\t\t\t\t\t\n<style>\n#image_239896857 {\n  width: 100%;\n}\n<\/style>\n\t<\/div>\n\t\n\n\n\t\t<\/div>\n\t\t\t\t\t<\/div>\n\n\t\n\n<\/div>\n\t<div id=\"gap-1225871941\" class=\"gap-element clearfix\" style=\"display:block; height:auto;\">\n\t\t\n<style>\n#gap-1225871941 {\n  padding-top: 30px;\n}\n<\/style>\n\t<\/div>\n\t\n\n<div class=\"row\"  id=\"row-1853754073\">\n\n\n\t<div id=\"col-1098130631\" class=\"col small-12 large-12\"  >\n\t\t\t\t<div class=\"col-inner\"  >\n\t\t\t\n\t\t\t\n\n<h3 style=\"text-align: center;\"><strong>Obra fotogr\u00e0fica<br><\/strong><\/h3>\n\n\t\t<\/div>\n\t\t\t\t\t<\/div>\n\n\t\n\n<\/div>\n\t<div id=\"gap-39889618\" class=\"gap-element clearfix\" style=\"display:block; height:auto;\">\n\t\t\n<style>\n#gap-39889618 {\n  padding-top: 30px;\n}\n<\/style>\n\t<\/div>\n\t\n\n\n  \n    <div class=\"row .your-gallery-class large-columns-3 medium-columns- small-columns-1 slider row-slider slider-nav-simple slider-nav-light\"  data-flickity-options='{\"imagesLoaded\": true, \"groupCells\": \"100%\", \"dragThreshold\" : 5, \"cellAlign\": \"left\",\"wrapAround\": true,\"prevNextButtons\": true,\"percentPosition\": true,\"pageDots\": false, \"rightToLeft\": false, \"autoPlay\" : 3000}' >\n\n  <div class=\"gallery-col col\" >\n          <div class=\"col-inner\">\n            <a class=\"image-lightbox lightbox-gallery\" href=\"http:\/\/ftpweb.egm.es\/wp-content\/uploads\/2022\/05\/10-haide-costa-EXPOPOGALLERY-EGM-731x1024.jpg\" title=\"\">            <div class=\"box has-hover gallery-box box-overlay dark\">\n              <div class=\"box-image image-cover\" style=\"padding-top:100%;\">\n                <img loading=\"lazy\" decoding=\"async\" width=\"214\" height=\"300\" src=\"http:\/\/ftpweb.egm.es\/wp-content\/uploads\/2022\/05\/10-haide-costa-EXPOPOGALLERY-EGM-214x300.jpg\" class=\".your-gallery-class\" alt=\"\" ids=\"23086,23083,23080,23078,23076,23073,23062,23065,23067,23070\" type=\"slider\" columns=\"3\" columns__sm=\"1\" slider_nav_style=\"simple\" slider_nav_color=\"light\" auto_slide=\"3000\" image_height=\"100%\" \/>                                  <div class=\"overlay fill\"\n                      style=\"background-color: rgba(0,0,0,.15)\">\n                  <\/div>\n                                                              <\/div>\n              <div class=\"box-text text-left\" >\n                 <p><\/p>\n              <\/div>\n            <\/div>\n            <\/a>          <\/div>\n         <\/div><div class=\"gallery-col col\" >\n          <div class=\"col-inner\">\n            <a class=\"image-lightbox lightbox-gallery\" href=\"http:\/\/ftpweb.egm.es\/wp-content\/uploads\/2022\/05\/09-haide-costa-EXPOPOGALLERY-EGM-768x1024.jpg\" title=\"\">            <div class=\"box has-hover gallery-box box-overlay dark\">\n              <div class=\"box-image image-cover\" style=\"padding-top:100%;\">\n                <img loading=\"lazy\" decoding=\"async\" width=\"225\" height=\"300\" src=\"http:\/\/ftpweb.egm.es\/wp-content\/uploads\/2022\/05\/09-haide-costa-EXPOPOGALLERY-EGM-225x300.jpg\" class=\".your-gallery-class\" alt=\"\" ids=\"23086,23083,23080,23078,23076,23073,23062,23065,23067,23070\" type=\"slider\" columns=\"3\" columns__sm=\"1\" slider_nav_style=\"simple\" slider_nav_color=\"light\" auto_slide=\"3000\" image_height=\"100%\" \/>                                  <div class=\"overlay fill\"\n                      style=\"background-color: rgba(0,0,0,.15)\">\n                  <\/div>\n                                                              <\/div>\n              <div class=\"box-text text-left\" >\n                 <p><\/p>\n              <\/div>\n            <\/div>\n            <\/a>          <\/div>\n         <\/div><div class=\"gallery-col col\" >\n          <div class=\"col-inner\">\n            <a class=\"image-lightbox lightbox-gallery\" href=\"http:\/\/ftpweb.egm.es\/wp-content\/uploads\/2022\/05\/08-haide-costa-EXPOPOGALLERY-EGM-768x1024.jpg\" title=\"\">            <div class=\"box has-hover gallery-box box-overlay dark\">\n              <div class=\"box-image image-cover\" style=\"padding-top:100%;\">\n                <img loading=\"lazy\" decoding=\"async\" width=\"225\" height=\"300\" src=\"http:\/\/ftpweb.egm.es\/wp-content\/uploads\/2022\/05\/08-haide-costa-EXPOPOGALLERY-EGM-225x300.jpg\" class=\".your-gallery-class\" alt=\"\" ids=\"23086,23083,23080,23078,23076,23073,23062,23065,23067,23070\" type=\"slider\" columns=\"3\" columns__sm=\"1\" slider_nav_style=\"simple\" slider_nav_color=\"light\" auto_slide=\"3000\" image_height=\"100%\" \/>                                  <div class=\"overlay fill\"\n                      style=\"background-color: rgba(0,0,0,.15)\">\n                  <\/div>\n                                                              <\/div>\n              <div class=\"box-text text-left\" >\n                 <p><\/p>\n              <\/div>\n            <\/div>\n            <\/a>          <\/div>\n         <\/div><div class=\"gallery-col col\" >\n          <div class=\"col-inner\">\n            <a class=\"image-lightbox lightbox-gallery\" href=\"http:\/\/ftpweb.egm.es\/wp-content\/uploads\/2022\/05\/07-haide-costa-EXPOPOGALLERY-EGM-768x1024.jpg\" title=\"\">            <div class=\"box has-hover gallery-box box-overlay dark\">\n              <div class=\"box-image image-cover\" style=\"padding-top:100%;\">\n                <img loading=\"lazy\" decoding=\"async\" width=\"225\" height=\"300\" src=\"http:\/\/ftpweb.egm.es\/wp-content\/uploads\/2022\/05\/07-haide-costa-EXPOPOGALLERY-EGM-225x300.jpg\" class=\".your-gallery-class\" alt=\"\" ids=\"23086,23083,23080,23078,23076,23073,23062,23065,23067,23070\" type=\"slider\" columns=\"3\" columns__sm=\"1\" slider_nav_style=\"simple\" slider_nav_color=\"light\" auto_slide=\"3000\" image_height=\"100%\" \/>                                  <div class=\"overlay fill\"\n                      style=\"background-color: rgba(0,0,0,.15)\">\n                  <\/div>\n                                                              <\/div>\n              <div class=\"box-text text-left\" >\n                 <p><\/p>\n              <\/div>\n            <\/div>\n            <\/a>          <\/div>\n         <\/div><div class=\"gallery-col col\" >\n          <div class=\"col-inner\">\n            <a class=\"image-lightbox lightbox-gallery\" href=\"http:\/\/ftpweb.egm.es\/wp-content\/uploads\/2022\/05\/06-haide-costa-EXPOPOGALLERY-EGM-819x1024.jpg\" title=\"\">            <div class=\"box has-hover gallery-box box-overlay dark\">\n              <div class=\"box-image image-cover\" style=\"padding-top:100%;\">\n                <img loading=\"lazy\" decoding=\"async\" width=\"240\" height=\"300\" src=\"http:\/\/ftpweb.egm.es\/wp-content\/uploads\/2022\/05\/06-haide-costa-EXPOPOGALLERY-EGM-240x300.jpg\" class=\".your-gallery-class\" alt=\"\" ids=\"23086,23083,23080,23078,23076,23073,23062,23065,23067,23070\" type=\"slider\" columns=\"3\" columns__sm=\"1\" slider_nav_style=\"simple\" slider_nav_color=\"light\" auto_slide=\"3000\" image_height=\"100%\" \/>                                  <div class=\"overlay fill\"\n                      style=\"background-color: rgba(0,0,0,.15)\">\n                  <\/div>\n                                                              <\/div>\n              <div class=\"box-text text-left\" >\n                 <p><\/p>\n              <\/div>\n            <\/div>\n            <\/a>          <\/div>\n         <\/div><div class=\"gallery-col col\" >\n          <div class=\"col-inner\">\n            <a class=\"image-lightbox lightbox-gallery\" href=\"http:\/\/ftpweb.egm.es\/wp-content\/uploads\/2022\/05\/05-haide-costa-EXPOPOGALLERY-EGM-731x1024.jpg\" title=\"\">            <div class=\"box has-hover gallery-box box-overlay dark\">\n              <div class=\"box-image image-cover\" style=\"padding-top:100%;\">\n                <img loading=\"lazy\" decoding=\"async\" width=\"214\" height=\"300\" src=\"http:\/\/ftpweb.egm.es\/wp-content\/uploads\/2022\/05\/05-haide-costa-EXPOPOGALLERY-EGM-214x300.jpg\" class=\".your-gallery-class\" alt=\"\" ids=\"23086,23083,23080,23078,23076,23073,23062,23065,23067,23070\" type=\"slider\" columns=\"3\" columns__sm=\"1\" slider_nav_style=\"simple\" slider_nav_color=\"light\" auto_slide=\"3000\" image_height=\"100%\" \/>                                  <div class=\"overlay fill\"\n                      style=\"background-color: rgba(0,0,0,.15)\">\n                  <\/div>\n                                                              <\/div>\n              <div class=\"box-text text-left\" >\n                 <p><\/p>\n              <\/div>\n            <\/div>\n            <\/a>          <\/div>\n         <\/div><div class=\"gallery-col col\" >\n          <div class=\"col-inner\">\n            <a class=\"image-lightbox lightbox-gallery\" href=\"http:\/\/ftpweb.egm.es\/wp-content\/uploads\/2022\/05\/01-haide-costa-EXPOPOGALLERY-EGM-768x1024.jpg\" title=\"\">            <div class=\"box has-hover gallery-box box-overlay dark\">\n              <div class=\"box-image image-cover\" style=\"padding-top:100%;\">\n                <img loading=\"lazy\" decoding=\"async\" width=\"225\" height=\"300\" src=\"http:\/\/ftpweb.egm.es\/wp-content\/uploads\/2022\/05\/01-haide-costa-EXPOPOGALLERY-EGM-225x300.jpg\" class=\".your-gallery-class\" alt=\"\" ids=\"23086,23083,23080,23078,23076,23073,23062,23065,23067,23070\" type=\"slider\" columns=\"3\" columns__sm=\"1\" slider_nav_style=\"simple\" slider_nav_color=\"light\" auto_slide=\"3000\" image_height=\"100%\" \/>                                  <div class=\"overlay fill\"\n                      style=\"background-color: rgba(0,0,0,.15)\">\n                  <\/div>\n                                                              <\/div>\n              <div class=\"box-text text-left\" >\n                 <p><\/p>\n              <\/div>\n            <\/div>\n            <\/a>          <\/div>\n         <\/div><div class=\"gallery-col col\" >\n          <div class=\"col-inner\">\n            <a class=\"image-lightbox lightbox-gallery\" href=\"http:\/\/ftpweb.egm.es\/wp-content\/uploads\/2022\/05\/02-haide-costa-EXPOPOGALLERY-EGM-768x1024.jpg\" title=\"\">            <div class=\"box has-hover gallery-box box-overlay dark\">\n              <div class=\"box-image image-cover\" style=\"padding-top:100%;\">\n                <img loading=\"lazy\" decoding=\"async\" width=\"225\" height=\"300\" src=\"http:\/\/ftpweb.egm.es\/wp-content\/uploads\/2022\/05\/02-haide-costa-EXPOPOGALLERY-EGM-225x300.jpg\" class=\".your-gallery-class\" alt=\"\" ids=\"23086,23083,23080,23078,23076,23073,23062,23065,23067,23070\" type=\"slider\" columns=\"3\" columns__sm=\"1\" slider_nav_style=\"simple\" slider_nav_color=\"light\" auto_slide=\"3000\" image_height=\"100%\" \/>                                  <div class=\"overlay fill\"\n                      style=\"background-color: rgba(0,0,0,.15)\">\n                  <\/div>\n                                                              <\/div>\n              <div class=\"box-text text-left\" >\n                 <p><\/p>\n              <\/div>\n            <\/div>\n            <\/a>          <\/div>\n         <\/div><div class=\"gallery-col col\" >\n          <div class=\"col-inner\">\n            <a class=\"image-lightbox lightbox-gallery\" href=\"http:\/\/ftpweb.egm.es\/wp-content\/uploads\/2022\/05\/03-haide-costa-EXPOPOGALLERY-EGM-768x1024.jpg\" title=\"\">            <div class=\"box has-hover gallery-box box-overlay dark\">\n              <div class=\"box-image image-cover\" style=\"padding-top:100%;\">\n                <img loading=\"lazy\" decoding=\"async\" width=\"225\" height=\"300\" src=\"http:\/\/ftpweb.egm.es\/wp-content\/uploads\/2022\/05\/03-haide-costa-EXPOPOGALLERY-EGM-225x300.jpg\" class=\".your-gallery-class\" alt=\"\" ids=\"23086,23083,23080,23078,23076,23073,23062,23065,23067,23070\" type=\"slider\" columns=\"3\" columns__sm=\"1\" slider_nav_style=\"simple\" slider_nav_color=\"light\" auto_slide=\"3000\" image_height=\"100%\" \/>                                  <div class=\"overlay fill\"\n                      style=\"background-color: rgba(0,0,0,.15)\">\n                  <\/div>\n                                                              <\/div>\n              <div class=\"box-text text-left\" >\n                 <p><\/p>\n              <\/div>\n            <\/div>\n            <\/a>          <\/div>\n         <\/div><div class=\"gallery-col col\" >\n          <div class=\"col-inner\">\n            <a class=\"image-lightbox lightbox-gallery\" href=\"http:\/\/ftpweb.egm.es\/wp-content\/uploads\/2022\/05\/04-haide-costa-EXPOPOGALLERY-EGM-731x1024.jpg\" title=\"\">            <div class=\"box has-hover gallery-box box-overlay dark\">\n              <div class=\"box-image image-cover\" style=\"padding-top:100%;\">\n                <img loading=\"lazy\" decoding=\"async\" width=\"214\" height=\"300\" src=\"http:\/\/ftpweb.egm.es\/wp-content\/uploads\/2022\/05\/04-haide-costa-EXPOPOGALLERY-EGM-214x300.jpg\" class=\".your-gallery-class\" alt=\"\" ids=\"23086,23083,23080,23078,23076,23073,23062,23065,23067,23070\" type=\"slider\" columns=\"3\" columns__sm=\"1\" slider_nav_style=\"simple\" slider_nav_color=\"light\" auto_slide=\"3000\" image_height=\"100%\" \/>                                  <div class=\"overlay fill\"\n                      style=\"background-color: rgba(0,0,0,.15)\">\n                  <\/div>\n                                                              <\/div>\n              <div class=\"box-text text-left\" >\n                 <p><\/p>\n              <\/div>\n            <\/div>\n            <\/a>          <\/div>\n         <\/div><\/div>\n\n\t<div id=\"gap-1284649061\" class=\"gap-element clearfix\" style=\"display:block; height:auto;\">\n\t\t\n<style>\n#gap-1284649061 {\n  padding-top: 30px;\n}\n<\/style>\n\t<\/div>\n\t\n\n<div class=\"row\"  id=\"row-537768275\">\n\n\n\t<div id=\"col-930006807\" class=\"col small-12 large-12\"  >\n\t\t\t\t<div class=\"col-inner text-center\"  >\n\t\t\t\n\t\t\t\n\n<a href=\"https:\/\/egm.es\/ca\/expo-gallery\" class=\"button primary is-outline lowercase\"  style=\"border-radius:6px;\">\n    <span>Expo Gallery<\/span>\n  <\/a>\n\n\n\n\t\t<\/div>\n\t\t\t\t\t<\/div>\n\n\t\n\n<\/div>\n\n","protected":false},"excerpt":{"rendered":"","protected":false},"author":2,"featured_media":0,"parent":0,"menu_order":0,"comment_status":"closed","ping_status":"closed","template":"page-blank.php","meta":{"footnotes":""},"class_list":["post-37892","page","type-page","status-publish","hentry"],"yoast_head":"<!-- This site is optimized with the Yoast SEO plugin v27.3 - https:\/\/yoast.com\/product\/yoast-seo-wordpress\/ -->\n<title>Haid\u00e9 Costa - EGM<\/title>\n<meta name=\"robots\" content=\"index, follow, max-snippet:-1, max-image-preview:large, max-video-preview:-1\" \/>\n<link rel=\"canonical\" href=\"http:\/\/ftpweb.egm.es\/ca\/haide-costa\" \/>\n<meta property=\"og:locale\" content=\"ca_ES\" \/>\n<meta property=\"og:type\" content=\"article\" \/>\n<meta property=\"og:title\" content=\"Haid\u00e9 Costa - EGM\" \/>\n<meta property=\"og:url\" content=\"http:\/\/ftpweb.egm.es\/ca\/haide-costa\" \/>\n<meta property=\"og:site_name\" content=\"EGM\" \/>\n<meta property=\"article:modified_time\" content=\"2025-01-25T17:10:22+00:00\" \/>\n<meta name=\"twitter:card\" content=\"summary_large_image\" \/>\n<meta name=\"twitter:label1\" content=\"Temps estimat de lectura\" \/>\n\t<meta name=\"twitter:data1\" content=\"1 minut\" \/>\n<script type=\"application\/ld+json\" class=\"yoast-schema-graph\">{\"@context\":\"https:\\\/\\\/schema.org\",\"@graph\":[{\"@type\":\"WebPage\",\"@id\":\"http:\\\/\\\/ftpweb.egm.es\\\/ca\\\/haide-costa\",\"url\":\"http:\\\/\\\/ftpweb.egm.es\\\/ca\\\/haide-costa\",\"name\":\"Haid\u00e9 Costa - EGM\",\"isPartOf\":{\"@id\":\"https:\\\/\\\/www2.egm.es\\\/#website\"},\"datePublished\":\"2024-05-23T08:47:10+00:00\",\"dateModified\":\"2025-01-25T17:10:22+00:00\",\"breadcrumb\":{\"@id\":\"http:\\\/\\\/ftpweb.egm.es\\\/ca\\\/haide-costa#breadcrumb\"},\"inLanguage\":\"ca\",\"potentialAction\":[{\"@type\":\"ReadAction\",\"target\":[\"http:\\\/\\\/ftpweb.egm.es\\\/ca\\\/haide-costa\"]}]},{\"@type\":\"BreadcrumbList\",\"@id\":\"http:\\\/\\\/ftpweb.egm.es\\\/ca\\\/haide-costa#breadcrumb\",\"itemListElement\":[{\"@type\":\"ListItem\",\"position\":1,\"name\":\"Portada\",\"item\":\"http:\\\/\\\/www.egm.es\\\/ca\"},{\"@type\":\"ListItem\",\"position\":2,\"name\":\"Haid\u00e9 Costa\"}]},{\"@type\":\"WebSite\",\"@id\":\"https:\\\/\\\/www2.egm.es\\\/#website\",\"url\":\"https:\\\/\\\/www2.egm.es\\\/\",\"name\":\"EGM\",\"description\":\"Counicaci\u00f3n visual\",\"potentialAction\":[{\"@type\":\"SearchAction\",\"target\":{\"@type\":\"EntryPoint\",\"urlTemplate\":\"https:\\\/\\\/www2.egm.es\\\/?s={search_term_string}\"},\"query-input\":{\"@type\":\"PropertyValueSpecification\",\"valueRequired\":true,\"valueName\":\"search_term_string\"}}],\"inLanguage\":\"ca\"}]}<\/script>\n<!-- \/ Yoast SEO plugin. -->","yoast_head_json":{"title":"Haid\u00e9 Costa - EGM","robots":{"index":"index","follow":"follow","max-snippet":"max-snippet:-1","max-image-preview":"max-image-preview:large","max-video-preview":"max-video-preview:-1"},"canonical":"http:\/\/ftpweb.egm.es\/ca\/haide-costa","og_locale":"ca_ES","og_type":"article","og_title":"Haid\u00e9 Costa - EGM","og_url":"http:\/\/ftpweb.egm.es\/ca\/haide-costa","og_site_name":"EGM","article_modified_time":"2025-01-25T17:10:22+00:00","twitter_card":"summary_large_image","twitter_misc":{"Temps estimat de lectura":"1 minut"},"schema":{"@context":"https:\/\/schema.org","@graph":[{"@type":"WebPage","@id":"http:\/\/ftpweb.egm.es\/ca\/haide-costa","url":"http:\/\/ftpweb.egm.es\/ca\/haide-costa","name":"Haid\u00e9 Costa - EGM","isPartOf":{"@id":"https:\/\/www2.egm.es\/#website"},"datePublished":"2024-05-23T08:47:10+00:00","dateModified":"2025-01-25T17:10:22+00:00","breadcrumb":{"@id":"http:\/\/ftpweb.egm.es\/ca\/haide-costa#breadcrumb"},"inLanguage":"ca","potentialAction":[{"@type":"ReadAction","target":["http:\/\/ftpweb.egm.es\/ca\/haide-costa"]}]},{"@type":"BreadcrumbList","@id":"http:\/\/ftpweb.egm.es\/ca\/haide-costa#breadcrumb","itemListElement":[{"@type":"ListItem","position":1,"name":"Portada","item":"http:\/\/www.egm.es\/ca"},{"@type":"ListItem","position":2,"name":"Haid\u00e9 Costa"}]},{"@type":"WebSite","@id":"https:\/\/www2.egm.es\/#website","url":"https:\/\/www2.egm.es\/","name":"EGM","description":"Counicaci\u00f3n visual","potentialAction":[{"@type":"SearchAction","target":{"@type":"EntryPoint","urlTemplate":"https:\/\/www2.egm.es\/?s={search_term_string}"},"query-input":{"@type":"PropertyValueSpecification","valueRequired":true,"valueName":"search_term_string"}}],"inLanguage":"ca"}]}},"_links":{"self":[{"href":"http:\/\/ftpweb.egm.es\/ca\/wp-json\/wp\/v2\/pages\/37892","targetHints":{"allow":["GET"]}}],"collection":[{"href":"http:\/\/ftpweb.egm.es\/ca\/wp-json\/wp\/v2\/pages"}],"about":[{"href":"http:\/\/ftpweb.egm.es\/ca\/wp-json\/wp\/v2\/types\/page"}],"author":[{"embeddable":true,"href":"http:\/\/ftpweb.egm.es\/ca\/wp-json\/wp\/v2\/users\/2"}],"replies":[{"embeddable":true,"href":"http:\/\/ftpweb.egm.es\/ca\/wp-json\/wp\/v2\/comments?post=37892"}],"version-history":[{"count":1,"href":"http:\/\/ftpweb.egm.es\/ca\/wp-json\/wp\/v2\/pages\/37892\/revisions"}],"predecessor-version":[{"id":37893,"href":"http:\/\/ftpweb.egm.es\/ca\/wp-json\/wp\/v2\/pages\/37892\/revisions\/37893"}],"wp:attachment":[{"href":"http:\/\/ftpweb.egm.es\/ca\/wp-json\/wp\/v2\/media?parent=37892"}],"curies":[{"name":"wp","href":"https:\/\/api.w.org\/{rel}","templated":true}]}}