{"id":37900,"date":"2024-05-23T09:16:44","date_gmt":"2024-05-23T09:16:44","guid":{"rendered":"https:\/\/egm4210.live-website.com\/maite-carames"},"modified":"2025-01-25T17:24:21","modified_gmt":"2025-01-25T17:24:21","slug":"maite-carames","status":"publish","type":"page","link":"http:\/\/ftpweb.egm.es\/ca\/maite-carames","title":{"rendered":"Maite Caram\u00e9s"},"content":{"rendered":"\n\t<div id=\"gap-1648746386\" class=\"gap-element clearfix\" style=\"display:block; height:auto;\">\n\t\t\n<style>\n#gap-1648746386 {\n  padding-top: 30px;\n}\n<\/style>\n\t<\/div>\n\t\n\n<div class=\"row\"  id=\"row-359805594\">\n\n\n\t<div id=\"col-200581800\" class=\"col medium-6 small-12 large-6\"  >\n\t\t\t\t<div class=\"col-inner\"  >\n\t\t\t\n\t\t\t\n\n<h1 style=\"font-size: 3em;\"><strong>Maite Caram\u00e9s<\/strong><\/h1>\n<h3><strong>Fot\u00f2grafa<\/strong><\/h3>\n<p class=\"\">Utilitzo la fotografia com a imatge narrativa, explicada en forma de relats, s\u00e8ries o seq\u00fc\u00e8ncies. Utilitzo la fotografia com a imatge narrativa, explicada en forma de relats, s\u00e8ries o seq\u00fc\u00e8ncies. All\u00f2 quotidi\u00e0 i banal \u00e9s sempre posat en escena per demostrar la fr\u00e0gil l\u00ednia entre realitat i irrealitat. Considero que la ment \u00e9s una font inesgotable de consci\u00e8ncia creativa. Considero que la ment \u00e9s una font inesgotable de consci\u00e8ncia creativa. Les idees sobre les quals reflexiono s\u00f3n molt \u00edntimes i humanes: el temps, la mort, el renaixement, la bellesa, el desig.<\/p>\n<p class=\"\">M&#8217;interessa tant la fotografia art\u00edstica com la documental. Moltes vegades la frontera entre un tipus de fotografia i una altra \u00e9s una l\u00ednia invisible que aborda el m\u00f3n real de maneres diferents.<\/p>\n<p><span style=\"color: #000000;\"><a style=\"color: #000000;\" href=\"http:\/\/www.maitecarames.com\" target=\"_blank\" rel=\"noopener\"><strong>maitecarames.com<\/strong><\/a><\/span><\/p>\n<div class=\"social-icons follow-icons\" ><a href=\"www.facebook.com\/maite.camares.pon\" target=\"_blank\" data-label=\"Facebook\" class=\"icon button circle is-outline facebook tooltip\" title=\"Seguiu-nos a Facebook\" aria-label=\"Seguiu-nos a Facebook\" rel=\"noopener nofollow\" ><i class=\"icon-facebook\" ><\/i><\/a><a href=\"https:\/\/www.instagram.com\/maitecamaresphoto\" target=\"_blank\" data-label=\"Instagram\" class=\"icon button circle is-outline instagram tooltip\" title=\"Seguiu-nos a Instagram\" aria-label=\"Seguiu-nos a Instagram\" rel=\"noopener nofollow\" ><i class=\"icon-instagram\" ><\/i><\/a><a href=\"mailto:maitecaramesphoto@gmail.com\" data-label=\"E-mail\" target=\"_blank\" class=\"icon button circle is-outline email tooltip\" title=\"Envia&#039;ns un email\" aria-label=\"Envia&#039;ns un email\" rel=\"nofollow noopener\" ><i class=\"icon-envelop\" ><\/i><\/a><\/div>\n\n\n\t\t<\/div>\n\t\t\t\t\t<\/div>\n\n\t\n\n\t<div id=\"col-180432478\" class=\"col medium-6 small-12 large-6\"  >\n\t\t\t\t<div class=\"col-inner\"  >\n\t\t\t\n\t\t\t\n\n\t<div class=\"img has-hover x md-x lg-x y md-y lg-y\" id=\"image_1169847021\">\n\t\t\t\t\t\t\t\t<div class=\"img-inner dark\" >\n\t\t\t<img loading=\"lazy\" decoding=\"async\" width=\"815\" height=\"815\" src=\"http:\/\/ftpweb.egm.es\/wp-content\/uploads\/2021\/07\/maite-retrato.jpg\" class=\"attachment-large size-large\" alt=\"\" \/>\t\t\t\t\t\t\n\t\t\t\t\t<\/div>\n\t\t\t\t\t\t\t\t\n<style>\n#image_1169847021 {\n  width: 100%;\n}\n<\/style>\n\t<\/div>\n\t\n\n\n\t\t<\/div>\n\t\t\t\t\t<\/div>\n\n\t\n\n<\/div>\n\t<div id=\"gap-1028709646\" class=\"gap-element clearfix\" style=\"display:block; height:auto;\">\n\t\t\n<style>\n#gap-1028709646 {\n  padding-top: 30px;\n}\n<\/style>\n\t<\/div>\n\t\n\n<div class=\"row\"  id=\"row-857008255\">\n\n\n\t<div id=\"col-535837749\" class=\"col small-12 large-12\"  >\n\t\t\t\t<div class=\"col-inner\"  >\n\t\t\t\n\t\t\t\n\n<h3 style=\"text-align: center;\"><strong>Obra fotogr\u00e0fica<br><\/strong><\/h3>\n\n\t\t<\/div>\n\t\t\t\t\t<\/div>\n\n\t\n\n<\/div>\n\t<div id=\"gap-148319545\" class=\"gap-element clearfix\" style=\"display:block; height:auto;\">\n\t\t\n<style>\n#gap-148319545 {\n  padding-top: 30px;\n}\n<\/style>\n\t<\/div>\n\t\n\n\n  \n    <div class=\"row large-columns-3 medium-columns- small-columns-1 slider row-slider slider-nav-reveal\"  data-flickity-options='{\"imagesLoaded\": true, \"groupCells\": \"100%\", \"dragThreshold\" : 5, \"cellAlign\": \"left\",\"wrapAround\": true,\"prevNextButtons\": true,\"percentPosition\": true,\"pageDots\": false, \"rightToLeft\": false, \"autoPlay\" : 3000}' >\n\n  <div class=\"gallery-col col\" >\n          <div class=\"col-inner\">\n            <a class=\"image-lightbox lightbox-gallery\" href=\"http:\/\/ftpweb.egm.es\/wp-content\/uploads\/2021\/07\/SHOTS-STORIES-I-1024x1024.jpg\" title=\"\">            <div class=\"box has-hover gallery-box box-overlay dark\">\n              <div class=\"box-image image-cover\" style=\"padding-top:100%;\">\n                <img loading=\"lazy\" decoding=\"async\" width=\"300\" height=\"300\" src=\"http:\/\/ftpweb.egm.es\/wp-content\/uploads\/2021\/07\/SHOTS-STORIES-I-300x300.jpg\" class=\"attachment-medium size-medium\" alt=\"\" ids=\"22656,22657,22648,22635,22631,22630,22625,22624,22623,22612\" type=\"slider\" columns=\"3\" columns__sm=\"1\" auto_slide=\"3000\" image_height=\"100%\" \/>                                  <div class=\"overlay fill\"\n                      style=\"background-color: rgba(0,0,0,.15)\">\n                  <\/div>\n                                                              <\/div>\n              <div class=\"box-text text-left\" >\n                 <p><\/p>\n              <\/div>\n            <\/div>\n            <\/a>          <\/div>\n         <\/div><div class=\"gallery-col col\" >\n          <div class=\"col-inner\">\n            <a class=\"image-lightbox lightbox-gallery\" href=\"http:\/\/ftpweb.egm.es\/wp-content\/uploads\/2021\/07\/SHOTS-STORIES-II-1024x1024.jpg\" title=\"\">            <div class=\"box has-hover gallery-box box-overlay dark\">\n              <div class=\"box-image image-cover\" style=\"padding-top:100%;\">\n                <img loading=\"lazy\" decoding=\"async\" width=\"300\" height=\"300\" src=\"http:\/\/ftpweb.egm.es\/wp-content\/uploads\/2021\/07\/SHOTS-STORIES-II-300x300.jpg\" class=\"attachment-medium size-medium\" alt=\"\" ids=\"22656,22657,22648,22635,22631,22630,22625,22624,22623,22612\" type=\"slider\" columns=\"3\" columns__sm=\"1\" auto_slide=\"3000\" image_height=\"100%\" \/>                                  <div class=\"overlay fill\"\n                      style=\"background-color: rgba(0,0,0,.15)\">\n                  <\/div>\n                                                              <\/div>\n              <div class=\"box-text text-left\" >\n                 <p><\/p>\n              <\/div>\n            <\/div>\n            <\/a>          <\/div>\n         <\/div><div class=\"gallery-col col\" >\n          <div class=\"col-inner\">\n            <a class=\"image-lightbox lightbox-gallery\" href=\"http:\/\/ftpweb.egm.es\/wp-content\/uploads\/2021\/07\/PINTOR-SEGU\u0301-1024x1024.jpg\" title=\"\">            <div class=\"box has-hover gallery-box box-overlay dark\">\n              <div class=\"box-image image-cover\" style=\"padding-top:100%;\">\n                <img loading=\"lazy\" decoding=\"async\" width=\"300\" height=\"300\" src=\"http:\/\/ftpweb.egm.es\/wp-content\/uploads\/2021\/07\/PINTOR-SEGU\u0301-300x300.jpg\" class=\"attachment-medium size-medium\" alt=\"\" ids=\"22656,22657,22648,22635,22631,22630,22625,22624,22623,22612\" type=\"slider\" columns=\"3\" columns__sm=\"1\" auto_slide=\"3000\" image_height=\"100%\" \/>                                  <div class=\"overlay fill\"\n                      style=\"background-color: rgba(0,0,0,.15)\">\n                  <\/div>\n                                                              <\/div>\n              <div class=\"box-text text-left\" >\n                 <p><\/p>\n              <\/div>\n            <\/div>\n            <\/a>          <\/div>\n         <\/div><div class=\"gallery-col col\" >\n          <div class=\"col-inner\">\n            <a class=\"image-lightbox lightbox-gallery\" href=\"http:\/\/ftpweb.egm.es\/wp-content\/uploads\/2021\/07\/MESA-SILLA-SPACES-1024x1024.jpg\" title=\"\">            <div class=\"box has-hover gallery-box box-overlay dark\">\n              <div class=\"box-image image-cover\" style=\"padding-top:100%;\">\n                <img loading=\"lazy\" decoding=\"async\" width=\"300\" height=\"300\" src=\"http:\/\/ftpweb.egm.es\/wp-content\/uploads\/2021\/07\/MESA-SILLA-SPACES-300x300.jpg\" class=\"attachment-medium size-medium\" alt=\"\" ids=\"22656,22657,22648,22635,22631,22630,22625,22624,22623,22612\" type=\"slider\" columns=\"3\" columns__sm=\"1\" auto_slide=\"3000\" image_height=\"100%\" \/>                                  <div class=\"overlay fill\"\n                      style=\"background-color: rgba(0,0,0,.15)\">\n                  <\/div>\n                                                              <\/div>\n              <div class=\"box-text text-left\" >\n                 <p><\/p>\n              <\/div>\n            <\/div>\n            <\/a>          <\/div>\n         <\/div><div class=\"gallery-col col\" >\n          <div class=\"col-inner\">\n            <a class=\"image-lightbox lightbox-gallery\" href=\"http:\/\/ftpweb.egm.es\/wp-content\/uploads\/2021\/07\/LOST-IN-A-STRANGE-WORLD-II--1024x1024.jpg\" title=\"\">            <div class=\"box has-hover gallery-box box-overlay dark\">\n              <div class=\"box-image image-cover\" style=\"padding-top:100%;\">\n                <img loading=\"lazy\" decoding=\"async\" width=\"300\" height=\"300\" src=\"http:\/\/ftpweb.egm.es\/wp-content\/uploads\/2021\/07\/LOST-IN-A-STRANGE-WORLD-II--300x300.jpg\" class=\"attachment-medium size-medium\" alt=\"\" ids=\"22656,22657,22648,22635,22631,22630,22625,22624,22623,22612\" type=\"slider\" columns=\"3\" columns__sm=\"1\" auto_slide=\"3000\" image_height=\"100%\" \/>                                  <div class=\"overlay fill\"\n                      style=\"background-color: rgba(0,0,0,.15)\">\n                  <\/div>\n                                                              <\/div>\n              <div class=\"box-text text-left\" >\n                 <p><\/p>\n              <\/div>\n            <\/div>\n            <\/a>          <\/div>\n         <\/div><div class=\"gallery-col col\" >\n          <div class=\"col-inner\">\n            <a class=\"image-lightbox lightbox-gallery\" href=\"http:\/\/ftpweb.egm.es\/wp-content\/uploads\/2021\/07\/LOST-IN-A-STRANGE-WORLD-I--1024x1024.jpg\" title=\"\">            <div class=\"box has-hover gallery-box box-overlay dark\">\n              <div class=\"box-image image-cover\" style=\"padding-top:100%;\">\n                <img loading=\"lazy\" decoding=\"async\" width=\"300\" height=\"300\" src=\"http:\/\/ftpweb.egm.es\/wp-content\/uploads\/2021\/07\/LOST-IN-A-STRANGE-WORLD-I--300x300.jpg\" class=\"attachment-medium size-medium\" alt=\"\" ids=\"22656,22657,22648,22635,22631,22630,22625,22624,22623,22612\" type=\"slider\" columns=\"3\" columns__sm=\"1\" auto_slide=\"3000\" image_height=\"100%\" \/>                                  <div class=\"overlay fill\"\n                      style=\"background-color: rgba(0,0,0,.15)\">\n                  <\/div>\n                                                              <\/div>\n              <div class=\"box-text text-left\" >\n                 <p><\/p>\n              <\/div>\n            <\/div>\n            <\/a>          <\/div>\n         <\/div><div class=\"gallery-col col\" >\n          <div class=\"col-inner\">\n            <a class=\"image-lightbox lightbox-gallery\" href=\"http:\/\/ftpweb.egm.es\/wp-content\/uploads\/2021\/07\/LAS-CUALIDADES-OCULTAS-1024x1024.jpg\" title=\"\">            <div class=\"box has-hover gallery-box box-overlay dark\">\n              <div class=\"box-image image-cover\" style=\"padding-top:100%;\">\n                <img loading=\"lazy\" decoding=\"async\" width=\"300\" height=\"300\" src=\"http:\/\/ftpweb.egm.es\/wp-content\/uploads\/2021\/07\/LAS-CUALIDADES-OCULTAS-300x300.jpg\" class=\"attachment-medium size-medium\" alt=\"\" ids=\"22656,22657,22648,22635,22631,22630,22625,22624,22623,22612\" type=\"slider\" columns=\"3\" columns__sm=\"1\" auto_slide=\"3000\" image_height=\"100%\" \/>                                  <div class=\"overlay fill\"\n                      style=\"background-color: rgba(0,0,0,.15)\">\n                  <\/div>\n                                                              <\/div>\n              <div class=\"box-text text-left\" >\n                 <p><\/p>\n              <\/div>\n            <\/div>\n            <\/a>          <\/div>\n         <\/div><div class=\"gallery-col col\" >\n          <div class=\"col-inner\">\n            <a class=\"image-lightbox lightbox-gallery\" href=\"http:\/\/ftpweb.egm.es\/wp-content\/uploads\/2021\/07\/LADA-SORIES-CABALLOS-1024x1024.jpg\" title=\"\">            <div class=\"box has-hover gallery-box box-overlay dark\">\n              <div class=\"box-image image-cover\" style=\"padding-top:100%;\">\n                <img loading=\"lazy\" decoding=\"async\" width=\"300\" height=\"300\" src=\"http:\/\/ftpweb.egm.es\/wp-content\/uploads\/2021\/07\/LADA-SORIES-CABALLOS-300x300.jpg\" class=\"attachment-medium size-medium\" alt=\"\" ids=\"22656,22657,22648,22635,22631,22630,22625,22624,22623,22612\" type=\"slider\" columns=\"3\" columns__sm=\"1\" auto_slide=\"3000\" image_height=\"100%\" \/>                                  <div class=\"overlay fill\"\n                      style=\"background-color: rgba(0,0,0,.15)\">\n                  <\/div>\n                                                              <\/div>\n              <div class=\"box-text text-left\" >\n                 <p><\/p>\n              <\/div>\n            <\/div>\n            <\/a>          <\/div>\n         <\/div><div class=\"gallery-col col\" >\n          <div class=\"col-inner\">\n            <a class=\"image-lightbox lightbox-gallery\" href=\"http:\/\/ftpweb.egm.es\/wp-content\/uploads\/2021\/07\/LA-COURT-DE-PALLARS--1024x1024.jpg\" title=\"\">            <div class=\"box has-hover gallery-box box-overlay dark\">\n              <div class=\"box-image image-cover\" style=\"padding-top:100%;\">\n                <img loading=\"lazy\" decoding=\"async\" width=\"300\" height=\"300\" src=\"http:\/\/ftpweb.egm.es\/wp-content\/uploads\/2021\/07\/LA-COURT-DE-PALLARS--300x300.jpg\" class=\"attachment-medium size-medium\" alt=\"\" ids=\"22656,22657,22648,22635,22631,22630,22625,22624,22623,22612\" type=\"slider\" columns=\"3\" columns__sm=\"1\" auto_slide=\"3000\" image_height=\"100%\" \/>                                  <div class=\"overlay fill\"\n                      style=\"background-color: rgba(0,0,0,.15)\">\n                  <\/div>\n                                                              <\/div>\n              <div class=\"box-text text-left\" >\n                 <p><\/p>\n              <\/div>\n            <\/div>\n            <\/a>          <\/div>\n         <\/div><div class=\"gallery-col col\" >\n          <div class=\"col-inner\">\n            <a class=\"image-lightbox lightbox-gallery\" href=\"http:\/\/ftpweb.egm.es\/wp-content\/uploads\/2021\/07\/DRIVE-MY-CAR-1024x1024.jpg\" title=\"\">            <div class=\"box has-hover gallery-box box-overlay dark\">\n              <div class=\"box-image image-cover\" style=\"padding-top:100%;\">\n                <img loading=\"lazy\" decoding=\"async\" width=\"300\" height=\"300\" src=\"http:\/\/ftpweb.egm.es\/wp-content\/uploads\/2021\/07\/DRIVE-MY-CAR-300x300.jpg\" class=\"attachment-medium size-medium\" alt=\"\" ids=\"22656,22657,22648,22635,22631,22630,22625,22624,22623,22612\" type=\"slider\" columns=\"3\" columns__sm=\"1\" auto_slide=\"3000\" image_height=\"100%\" \/>                                  <div class=\"overlay fill\"\n                      style=\"background-color: rgba(0,0,0,.15)\">\n                  <\/div>\n                                                              <\/div>\n              <div class=\"box-text text-left\" >\n                 <p><\/p>\n              <\/div>\n            <\/div>\n            <\/a>          <\/div>\n         <\/div><\/div>\n\n\t<div id=\"gap-2078156977\" class=\"gap-element clearfix\" style=\"display:block; height:auto;\">\n\t\t\n<style>\n#gap-2078156977 {\n  padding-top: 30px;\n}\n<\/style>\n\t<\/div>\n\t\n\n<div class=\"row\"  id=\"row-2040780482\">\n\n\n\t<div id=\"col-866565430\" class=\"col small-12 large-12\"  >\n\t\t\t\t<div class=\"col-inner text-center\"  >\n\t\t\t\n\t\t\t\n\n<a href=\"https:\/\/egm.es\/ca\/expo-gallery\" class=\"button primary is-outline lowercase\"  style=\"border-radius:6px;\">\n    <span>Expo Gallery<\/span>\n  <\/a>\n\n\n\n\t\t<\/div>\n\t\t\t\t\t<\/div>\n\n\t\n\n<\/div>\n\n","protected":false},"excerpt":{"rendered":"","protected":false},"author":2,"featured_media":0,"parent":0,"menu_order":0,"comment_status":"closed","ping_status":"closed","template":"","meta":{"footnotes":""},"class_list":["post-37900","page","type-page","status-publish","hentry"],"yoast_head":"<!-- This site is optimized with the Yoast SEO plugin v27.3 - https:\/\/yoast.com\/product\/yoast-seo-wordpress\/ -->\n<title>Maite Caram\u00e9s - EGM<\/title>\n<meta name=\"robots\" content=\"index, follow, max-snippet:-1, max-image-preview:large, max-video-preview:-1\" \/>\n<link rel=\"canonical\" href=\"http:\/\/ftpweb.egm.es\/ca\/maite-carames\" \/>\n<meta property=\"og:locale\" content=\"ca_ES\" \/>\n<meta property=\"og:type\" content=\"article\" \/>\n<meta property=\"og:title\" content=\"Maite Caram\u00e9s - EGM\" \/>\n<meta property=\"og:url\" content=\"http:\/\/ftpweb.egm.es\/ca\/maite-carames\" \/>\n<meta property=\"og:site_name\" content=\"EGM\" \/>\n<meta property=\"article:modified_time\" content=\"2025-01-25T17:24:21+00:00\" \/>\n<meta name=\"twitter:card\" content=\"summary_large_image\" \/>\n<meta name=\"twitter:label1\" content=\"Temps estimat de lectura\" \/>\n\t<meta name=\"twitter:data1\" content=\"1 minut\" \/>\n<script type=\"application\/ld+json\" class=\"yoast-schema-graph\">{\"@context\":\"https:\\\/\\\/schema.org\",\"@graph\":[{\"@type\":\"WebPage\",\"@id\":\"http:\\\/\\\/ftpweb.egm.es\\\/ca\\\/maite-carames\",\"url\":\"http:\\\/\\\/ftpweb.egm.es\\\/ca\\\/maite-carames\",\"name\":\"Maite Caram\u00e9s - EGM\",\"isPartOf\":{\"@id\":\"https:\\\/\\\/www2.egm.es\\\/#website\"},\"datePublished\":\"2024-05-23T09:16:44+00:00\",\"dateModified\":\"2025-01-25T17:24:21+00:00\",\"breadcrumb\":{\"@id\":\"http:\\\/\\\/ftpweb.egm.es\\\/ca\\\/maite-carames#breadcrumb\"},\"inLanguage\":\"ca\",\"potentialAction\":[{\"@type\":\"ReadAction\",\"target\":[\"http:\\\/\\\/ftpweb.egm.es\\\/ca\\\/maite-carames\"]}]},{\"@type\":\"BreadcrumbList\",\"@id\":\"http:\\\/\\\/ftpweb.egm.es\\\/ca\\\/maite-carames#breadcrumb\",\"itemListElement\":[{\"@type\":\"ListItem\",\"position\":1,\"name\":\"Portada\",\"item\":\"http:\\\/\\\/www.egm.es\\\/ca\"},{\"@type\":\"ListItem\",\"position\":2,\"name\":\"Maite Caram\u00e9s\"}]},{\"@type\":\"WebSite\",\"@id\":\"https:\\\/\\\/www2.egm.es\\\/#website\",\"url\":\"https:\\\/\\\/www2.egm.es\\\/\",\"name\":\"EGM\",\"description\":\"Counicaci\u00f3n visual\",\"potentialAction\":[{\"@type\":\"SearchAction\",\"target\":{\"@type\":\"EntryPoint\",\"urlTemplate\":\"https:\\\/\\\/www2.egm.es\\\/?s={search_term_string}\"},\"query-input\":{\"@type\":\"PropertyValueSpecification\",\"valueRequired\":true,\"valueName\":\"search_term_string\"}}],\"inLanguage\":\"ca\"}]}<\/script>\n<!-- \/ Yoast SEO plugin. -->","yoast_head_json":{"title":"Maite Caram\u00e9s - EGM","robots":{"index":"index","follow":"follow","max-snippet":"max-snippet:-1","max-image-preview":"max-image-preview:large","max-video-preview":"max-video-preview:-1"},"canonical":"http:\/\/ftpweb.egm.es\/ca\/maite-carames","og_locale":"ca_ES","og_type":"article","og_title":"Maite Caram\u00e9s - EGM","og_url":"http:\/\/ftpweb.egm.es\/ca\/maite-carames","og_site_name":"EGM","article_modified_time":"2025-01-25T17:24:21+00:00","twitter_card":"summary_large_image","twitter_misc":{"Temps estimat de lectura":"1 minut"},"schema":{"@context":"https:\/\/schema.org","@graph":[{"@type":"WebPage","@id":"http:\/\/ftpweb.egm.es\/ca\/maite-carames","url":"http:\/\/ftpweb.egm.es\/ca\/maite-carames","name":"Maite Caram\u00e9s - EGM","isPartOf":{"@id":"https:\/\/www2.egm.es\/#website"},"datePublished":"2024-05-23T09:16:44+00:00","dateModified":"2025-01-25T17:24:21+00:00","breadcrumb":{"@id":"http:\/\/ftpweb.egm.es\/ca\/maite-carames#breadcrumb"},"inLanguage":"ca","potentialAction":[{"@type":"ReadAction","target":["http:\/\/ftpweb.egm.es\/ca\/maite-carames"]}]},{"@type":"BreadcrumbList","@id":"http:\/\/ftpweb.egm.es\/ca\/maite-carames#breadcrumb","itemListElement":[{"@type":"ListItem","position":1,"name":"Portada","item":"http:\/\/www.egm.es\/ca"},{"@type":"ListItem","position":2,"name":"Maite Caram\u00e9s"}]},{"@type":"WebSite","@id":"https:\/\/www2.egm.es\/#website","url":"https:\/\/www2.egm.es\/","name":"EGM","description":"Counicaci\u00f3n visual","potentialAction":[{"@type":"SearchAction","target":{"@type":"EntryPoint","urlTemplate":"https:\/\/www2.egm.es\/?s={search_term_string}"},"query-input":{"@type":"PropertyValueSpecification","valueRequired":true,"valueName":"search_term_string"}}],"inLanguage":"ca"}]}},"_links":{"self":[{"href":"http:\/\/ftpweb.egm.es\/ca\/wp-json\/wp\/v2\/pages\/37900","targetHints":{"allow":["GET"]}}],"collection":[{"href":"http:\/\/ftpweb.egm.es\/ca\/wp-json\/wp\/v2\/pages"}],"about":[{"href":"http:\/\/ftpweb.egm.es\/ca\/wp-json\/wp\/v2\/types\/page"}],"author":[{"embeddable":true,"href":"http:\/\/ftpweb.egm.es\/ca\/wp-json\/wp\/v2\/users\/2"}],"replies":[{"embeddable":true,"href":"http:\/\/ftpweb.egm.es\/ca\/wp-json\/wp\/v2\/comments?post=37900"}],"version-history":[{"count":1,"href":"http:\/\/ftpweb.egm.es\/ca\/wp-json\/wp\/v2\/pages\/37900\/revisions"}],"predecessor-version":[{"id":37901,"href":"http:\/\/ftpweb.egm.es\/ca\/wp-json\/wp\/v2\/pages\/37900\/revisions\/37901"}],"wp:attachment":[{"href":"http:\/\/ftpweb.egm.es\/ca\/wp-json\/wp\/v2\/media?parent=37900"}],"curies":[{"name":"wp","href":"https:\/\/api.w.org\/{rel}","templated":true}]}}