{"id":37904,"date":"2024-05-22T10:50:18","date_gmt":"2024-05-22T10:50:18","guid":{"rendered":"https:\/\/egm4210.live-website.com\/projectes-de-comunicacio"},"modified":"2025-01-25T17:30:10","modified_gmt":"2025-01-25T17:30:10","slug":"projectes-de-comunicacio","status":"publish","type":"page","link":"http:\/\/ftpweb.egm.es\/ca\/projectes-de-comunicacio","title":{"rendered":"Projectes de comunicaci\u00f3"},"content":{"rendered":"\n\t<div id=\"gap-50076997\" class=\"gap-element clearfix\" style=\"display:block; height:auto;\">\n\t\t\n<style>\n#gap-50076997 {\n  padding-top: 30px;\n}\n<\/style>\n\t<\/div>\n\t\n\n<h1 style=\"text-align: center;\"><strong>DONEM FORMA ALS TEUS PROJECTES<\/strong><\/h1>\n<div class=\"row\"  id=\"row-1351649827\">\n\n\n\t<div id=\"col-1088151595\" class=\"col small-12 large-12\"  >\n\t\t\t\t<div class=\"col-inner\"  >\n\t\t\t\n\t\t\t\n\n\t<div id=\"text-3476065210\" class=\"text\">\n\t\t\n\n<p>Fem possible qualsevol espai que et puguis imaginar. Dissenyem, produ\u00efm i instal\u00b7lem els teus projectes de comunicaci\u00f3 visual. <\/p>\n\t\t\n<style>\n#text-3476065210 {\n  text-align: center;\n}\n<\/style>\n\t<\/div>\n\t\n\n\t\t<\/div>\n\t\t\t\t\n<style>\n#col-1088151595 > .col-inner {\n  margin: 0px 0px -25px 0px;\n}\n<\/style>\n\t<\/div>\n\n\t\n\n<\/div>\n\t<div id=\"gap-387270150\" class=\"gap-element clearfix\" style=\"display:block; height:auto;\">\n\t\t\n<style>\n#gap-387270150 {\n  padding-top: 30px;\n}\n<\/style>\n\t<\/div>\n\t\n\n<div class=\"row\"  id=\"row-1858361332\">\n\n\n\t<div id=\"col-1880066983\" class=\"col medium-4 small-12 large-4\"  >\n\t\t\t\t<div class=\"col-inner\"  >\n\t\t\t\n\t\t\t\n\n\n  <div class=\"banner has-hover bg-overlay-add bg-zoom\" id=\"banner-259837546\">\n          <div class=\"banner-inner fill\">\n        <div class=\"banner-bg fill\" >\n            <div class=\"bg fill bg-fill \"><\/div>\n                        <div class=\"overlay\"><\/div>            \n                    <\/div>\n\t\t\n        <div class=\"banner-layers container\">\n            <a class=\"fill\" href=\"#museografia\" ><div class=\"fill banner-link\"><\/div><\/a>            \n\n   <div id=\"text-box-780809581\" class=\"text-box banner-layer x50 md-x50 lg-x50 y85 md-y85 lg-y85 res-text\">\n       <div class=\"hover-slide\">                         <div class=\"text-box-content text dark\">\n              \n              <div class=\"text-inner text-center\">\n                  \n\n\t<div id=\"text-2770691667\" class=\"text\">\n\t\t\n\n<p><a href=\"#museografia\"><\/p>\n<h3 class=\"uppercase\" style=\"text-align: left;\"><strong>MUSEOGRAFIA<\/strong><\/h3>\n<h4 style=\"text-align: left;\">Especialistes en comunicaci\u00f3 gr\u00e0fica per a museus<\/h4>\n<p><\/a><\/p>\n\t\t\n<style>\n#text-2770691667 {\n  text-align: left;\n}\n<\/style>\n\t<\/div>\n\t\n\n              <\/div>\n           <\/div>\n                     <\/div>       \n<style>\n#text-box-780809581 {\n  width: 88%;\n}\n#text-box-780809581 .text-box-content {\n  font-size: 100%;\n}\n<\/style>\n    <\/div>\n \n   <div id=\"text-box-448189201\" class=\"text-box banner-layer x50 md-x50 lg-x50 y90 md-y90 lg-y90 res-text\">\n       <div class=\"hover-fade-out\">                         <div class=\"text-box-content text dark\">\n              \n              <div class=\"text-inner text-center\">\n                  \n\n<h3 class=\"uppercase\" style=\"text-align: left;\"><strong>MUSEOGRAFIA<\/strong><\/h3>\n\n              <\/div>\n           <\/div>\n                     <\/div>       \n<style>\n#text-box-448189201 {\n  width: 88%;\n}\n#text-box-448189201 .text-box-content {\n  font-size: 100%;\n}\n<\/style>\n    <\/div>\n \n\n        <\/div>\n      <\/div>\n\n            \n<style>\n#banner-259837546 {\n  padding-top: 99.99%;\n}\n#banner-259837546 .bg.bg-loaded {\n  background-image: url(http:\/\/ftpweb.egm.es\/wp-content\/uploads\/2021\/06\/MUSEOGRAFIA-1.jpg);\n}\n#banner-259837546 .overlay {\n  background-color: rgba(229, 6, 23, 0.785);\n}\n<\/style>\n  <\/div>\n\n\n\n\t\t<\/div>\n\t\t\t\t\t<\/div>\n\n\t\n\n\t<div id=\"col-1958366592\" class=\"col medium-4 small-12 large-4\"  >\n\t\t\t\t<div class=\"col-inner\"  >\n\t\t\t\n\t\t\t\n\n\n  <div class=\"banner has-hover bg-overlay-add bg-zoom\" id=\"banner-2074756819\">\n          <div class=\"banner-inner fill\">\n        <div class=\"banner-bg fill\" >\n            <div class=\"bg fill bg-fill \"><\/div>\n                        <div class=\"overlay\"><\/div>            \n                    <\/div>\n\t\t\n        <div class=\"banner-layers container\">\n            <a class=\"fill\" href=\"#exposiciones\" ><div class=\"fill banner-link\"><\/div><\/a>            \n\n   <div id=\"text-box-1014378073\" class=\"text-box banner-layer x50 md-x50 lg-x50 y85 md-y85 lg-y85 res-text\">\n       <div class=\"hover-slide\">                         <div class=\"text-box-content text dark\">\n              \n              <div class=\"text-inner text-center\">\n                  \n\n\t<div id=\"text-3814438348\" class=\"text\">\n\t\t\n\n<p><a href=\"#exposiciones\"><\/p>\n<h3 class=\"uppercase\" style=\"text-align: left;\"><strong>EXPOSICIONS<\/strong><\/h3>\n<h4 style=\"text-align: left;\">Reproducci\u00f3 d&#8217;originals en materials i acabats d&#8217;alta qualitat<\/h4>\n<p><\/a><\/p>\n\t\t\n<style>\n#text-3814438348 {\n  text-align: left;\n}\n<\/style>\n\t<\/div>\n\t\n\n              <\/div>\n           <\/div>\n                     <\/div>       \n<style>\n#text-box-1014378073 {\n  width: 88%;\n}\n#text-box-1014378073 .text-box-content {\n  font-size: 100%;\n}\n<\/style>\n    <\/div>\n \n   <div id=\"text-box-973758845\" class=\"text-box banner-layer x50 md-x50 lg-x50 y90 md-y90 lg-y90 res-text\">\n       <div class=\"hover-fade-out\">                         <div class=\"text-box-content text dark\">\n              \n              <div class=\"text-inner text-center\">\n                  \n\n<h3 class=\"uppercase\" style=\"text-align: left;\"><strong>EXPOSICIONS<\/strong><\/h3>\n\n              <\/div>\n           <\/div>\n                     <\/div>       \n<style>\n#text-box-973758845 {\n  width: 88%;\n}\n#text-box-973758845 .text-box-content {\n  font-size: 100%;\n}\n<\/style>\n    <\/div>\n \n\n        <\/div>\n      <\/div>\n\n            \n<style>\n#banner-2074756819 {\n  padding-top: 99.99%;\n}\n#banner-2074756819 .bg.bg-loaded {\n  background-image: url(http:\/\/ftpweb.egm.es\/wp-content\/uploads\/2021\/06\/EXPOSICIONES-1.jpg);\n}\n#banner-2074756819 .overlay {\n  background-color: rgba(229, 6, 23, 0.785);\n}\n<\/style>\n  <\/div>\n\n\n\n\t\t<\/div>\n\t\t\t\t\t<\/div>\n\n\t\n\n\t<div id=\"col-1256225949\" class=\"col medium-4 small-12 large-4\"  >\n\t\t\t\t<div class=\"col-inner\"  >\n\t\t\t\n\t\t\t\n\n\n  <div class=\"banner has-hover bg-overlay-add bg-zoom\" id=\"banner-1362649927\">\n          <div class=\"banner-inner fill\">\n        <div class=\"banner-bg fill\" >\n            <div class=\"bg fill bg-fill \"><\/div>\n                        <div class=\"overlay\"><\/div>            \n                    <\/div>\n\t\t\n        <div class=\"banner-layers container\">\n            <a class=\"fill\" href=\"#interiorismo\" ><div class=\"fill banner-link\"><\/div><\/a>            \n\n   <div id=\"text-box-1023758033\" class=\"text-box banner-layer x50 md-x50 lg-x50 y85 md-y85 lg-y85 res-text\">\n       <div class=\"hover-slide\">                         <div class=\"text-box-content text dark\">\n              \n              <div class=\"text-inner text-center\">\n                  \n\n\t<div id=\"text-602306033\" class=\"text\">\n\t\t\n\n<p><a href=\"#interiorismo\"><\/p>\n<h3 class=\"uppercase\" style=\"text-align: left;\"><strong>INTERIORISME<\/strong><\/h3>\n<h4 style=\"text-align: left;\">Decoraci\u00f3 d&#8217;espais<\/h4>\n<p><\/a><\/p>\n\t\t\n<style>\n#text-602306033 {\n  text-align: left;\n}\n<\/style>\n\t<\/div>\n\t\n\n              <\/div>\n           <\/div>\n                     <\/div>       \n<style>\n#text-box-1023758033 {\n  width: 88%;\n}\n#text-box-1023758033 .text-box-content {\n  font-size: 100%;\n}\n<\/style>\n    <\/div>\n \n   <div id=\"text-box-689199842\" class=\"text-box banner-layer x50 md-x50 lg-x50 y90 md-y90 lg-y90 res-text\">\n       <div class=\"hover-fade-out\">                         <div class=\"text-box-content text dark\">\n              \n              <div class=\"text-inner text-center\">\n                  \n\n<h3 class=\"uppercase\" style=\"text-align: left;\"><strong>INTERIORISME<\/strong><\/h3>\n\n              <\/div>\n           <\/div>\n                     <\/div>       \n<style>\n#text-box-689199842 {\n  width: 88%;\n}\n#text-box-689199842 .text-box-content {\n  font-size: 100%;\n}\n<\/style>\n    <\/div>\n \n\n        <\/div>\n      <\/div>\n\n            \n<style>\n#banner-1362649927 {\n  padding-top: 99.99%;\n}\n#banner-1362649927 .bg.bg-loaded {\n  background-image: url(http:\/\/ftpweb.egm.es\/wp-content\/uploads\/2021\/06\/PROYECTOS-INTERIORISMO-EGM.jpg);\n}\n#banner-1362649927 .overlay {\n  background-color: rgba(229, 6, 23, 0.785);\n}\n<\/style>\n  <\/div>\n\n\n\n\t\t<\/div>\n\t\t\t\t\t<\/div>\n\n\t\n\n<\/div>\n\t<div id=\"gap-1167902838\" class=\"gap-element clearfix\" style=\"display:block; height:auto;\">\n\t\t\n<style>\n#gap-1167902838 {\n  padding-top: 30px;\n}\n<\/style>\n\t<\/div>\n\t\n\n<span class=\"scroll-to\" data-label=\"Scroll to: #museografia\" data-bullet=\"false\" data-link=\"#museografia\" data-title=\"museografia\" ><a name=\"museografia\"><\/a><\/span>\n\n\t<div id=\"gap-1381548234\" class=\"gap-element clearfix\" style=\"display:block; height:auto;\">\n\t\t\n<style>\n#gap-1381548234 {\n  padding-top: 30px;\n}\n<\/style>\n\t<\/div>\n\t\n\n<div class=\"row\"  id=\"row-1571327295\">\n\n\n\t<div id=\"col-1823308962\" class=\"col medium-4 small-12 large-4\"  data-animate=\"fadeInLeft\">\n\t\t\t\t<div class=\"col-inner text-center\"  >\n\t\t\t\n\t\t\t\n\n\t<div id=\"text-2090684344\" class=\"text\">\n\t\t\n\n<h2><strong>Museografia<br><\/strong><\/h2>\n<p>Treballem amb els principals museus i empreses del sector en la producci\u00f3 i instal\u00b7laci\u00f3 de les gr\u00e0fiques expositives, que valoren l&#8217;alt grau de qualitat i comprom\u00eds de servei dels nostres treballs.<\/p>\n\t\t\n<style>\n#text-2090684344 {\n  text-align: left;\n}\n<\/style>\n\t<\/div>\n\t\n\n\t\t<\/div>\n\t\t\t\t\t<\/div>\n\n\t\n\n\t<div id=\"col-597937490\" class=\"col medium-8 small-12 large-8\"  data-animate=\"fadeInRight\">\n\t\t\t\t<div class=\"col-inner\"  >\n\t\t\t\n\t\t\t\n\n\t<div class=\"img has-hover x md-x lg-x y md-y lg-y\" id=\"image_387065102\">\n\t\t\t\t\t\t\t\t<div class=\"img-inner box-shadow-3 dark\" >\n\t\t\t<img loading=\"lazy\" decoding=\"async\" width=\"1020\" height=\"524\" src=\"http:\/\/ftpweb.egm.es\/wp-content\/uploads\/2021\/06\/MUSEOGRAFIA-1.2.jpg\" class=\"attachment-large size-large\" alt=\"\" \/>\t\t\t\t\t\t\n\t\t\t\t\t<\/div>\n\t\t\t\t\t\t\t\t\n<style>\n#image_387065102 {\n  width: 100%;\n}\n<\/style>\n\t<\/div>\n\t\n\n\n\t\t<\/div>\n\t\t\t\t\t<\/div>\n\n\t\n\n<\/div>\n<span class=\"scroll-to\" data-label=\"Scroll to: #exposicions\" data-bullet=\"false\" data-link=\"#exposicions\" data-title=\"exposicions\" ><a name=\"exposicions\"><\/a><\/span>\n\n\t<div id=\"gap-1810212462\" class=\"gap-element clearfix\" style=\"display:block; height:auto;\">\n\t\t\n<style>\n#gap-1810212462 {\n  padding-top: 70px;\n}\n<\/style>\n\t<\/div>\n\t\n\n<div class=\"row\"  id=\"row-801978798\">\n\n\n\t<div id=\"col-1937439216\" class=\"col medium-8 small-12 large-8\"  data-animate=\"fadeInRight\">\n\t\t\t\t<div class=\"col-inner\"  >\n\t\t\t\n\t\t\t\n\n\t<div class=\"img has-hover x md-x lg-x y md-y lg-y\" id=\"image_1226907012\">\n\t\t\t\t\t\t\t\t<div class=\"img-inner box-shadow-3 dark\" >\n\t\t\t<img loading=\"lazy\" decoding=\"async\" width=\"1020\" height=\"524\" src=\"http:\/\/ftpweb.egm.es\/wp-content\/uploads\/2021\/06\/Gra\u0301fico_pegado-15.jpg\" class=\"attachment-large size-large\" alt=\"\" \/>\t\t\t\t\t\t\n\t\t\t\t\t<\/div>\n\t\t\t\t\t\t\t\t\n<style>\n#image_1226907012 {\n  width: 100%;\n}\n<\/style>\n\t<\/div>\n\t\n\n\n\t\t<\/div>\n\t\t\t\t\t<\/div>\n\n\t\n\n\t<div id=\"col-849698029\" class=\"col medium-4 small-12 large-4\"  data-animate=\"fadeInLeft\">\n\t\t\t\t<div class=\"col-inner text-center\"  >\n\t\t\t\n\t\t\t\n\n\t<div id=\"text-1956734952\" class=\"text\">\n\t\t\n\n<h2><strong>Exposicions<\/strong><\/h2>\n<p>Realitzem la producci\u00f3 gr\u00e0fica de les exposicions m\u00e9s rellevants del pa\u00eds.<\/p>\n<p>Tractem els fitxers originals seguint les indicacions de l&#8217;autor, amb el m\u00e0xim respecte en el tractament de la imatge i el color.<\/p>\n<p>Proposem els materials i acabats m\u00e9s adequats per a cada exposici\u00f3.<\/p>\n\t\t\n<style>\n#text-1956734952 {\n  text-align: left;\n}\n<\/style>\n\t<\/div>\n\t\n\n\t\t<\/div>\n\t\t\t\t\t<\/div>\n\n\t\n\n<\/div>\n<span class=\"scroll-to\" data-label=\"Scroll to: #interiorisme\" data-bullet=\"false\" data-link=\"#interiorisme\" data-title=\"interiorisme\" ><a name=\"interiorisme\"><\/a><\/span>\n\n\t<div id=\"gap-1160001142\" class=\"gap-element clearfix\" style=\"display:block; height:auto;\">\n\t\t\n<style>\n#gap-1160001142 {\n  padding-top: 70px;\n}\n<\/style>\n\t<\/div>\n\t\n\n<div class=\"row\"  id=\"row-592854443\">\n\n\n\t<div id=\"col-1673515483\" class=\"col medium-4 small-12 large-4\"  data-animate=\"fadeInLeft\">\n\t\t\t\t<div class=\"col-inner text-center\"  >\n\t\t\t\n\t\t\t\n\n\t<div id=\"text-2554197777\" class=\"text\">\n\t\t\n\n<h2><strong>Interiorisme<\/strong><\/h2>\n<p>Gr\u00e0cies a la diversitat de suports i totes les possibilitats de comunicaci\u00f3 visual al nostre abast, som capa\u00e7os de crear espais inimaginables.<\/p>\n<p>Impressions al sostre, parets i terres, impressi\u00f3 en tots els suports que t&#8217;imaginis.<\/p>\n<p>Des de la producci\u00f3 dels continguts a la col\u00b7locaci\u00f3 de la pe\u00e7a, un servei integral.<\/p>\n\t\t\n<style>\n#text-2554197777 {\n  text-align: left;\n}\n<\/style>\n\t<\/div>\n\t\n\n\t\t<\/div>\n\t\t\t\t\t<\/div>\n\n\t\n\n\t<div id=\"col-1839299728\" class=\"col medium-8 small-12 large-8\"  data-animate=\"fadeInRight\">\n\t\t\t\t<div class=\"col-inner\"  >\n\t\t\t\n\t\t\t\n\n\t<div class=\"img has-hover x md-x lg-x y md-y lg-y\" id=\"image_1923285277\">\n\t\t\t\t\t\t\t\t<div class=\"img-inner box-shadow-3 dark\" >\n\t\t\t<img loading=\"lazy\" decoding=\"async\" width=\"1020\" height=\"524\" src=\"http:\/\/ftpweb.egm.es\/wp-content\/uploads\/2021\/06\/INTERIORISMO-EGM-1.jpg\" class=\"attachment-large size-large\" alt=\"\" \/>\t\t\t\t\t\t\n\t\t\t\t\t<\/div>\n\t\t\t\t\t\t\t\t\n<style>\n#image_1923285277 {\n  width: 100%;\n}\n<\/style>\n\t<\/div>\n\t\n\n\n\t\t<\/div>\n\t\t\t\t\t<\/div>\n\n\t\n\n<\/div>\n\n","protected":false},"excerpt":{"rendered":"","protected":false},"author":2,"featured_media":0,"parent":0,"menu_order":0,"comment_status":"closed","ping_status":"closed","template":"","meta":{"footnotes":""},"class_list":["post-37904","page","type-page","status-publish","hentry"],"yoast_head":"<!-- This site is optimized with the Yoast SEO plugin v27.3 - https:\/\/yoast.com\/product\/yoast-seo-wordpress\/ -->\n<title>Projectes de comunicaci\u00f3 - EGM<\/title>\n<meta name=\"description\" content=\"Dissenyem, produ\u00efm i instal\u00b7lem els teus projectes de comunicaci\u00f3 visual. Fem possible qualsevol espai que et puguis imaginar.\" \/>\n<meta name=\"robots\" content=\"index, follow, max-snippet:-1, max-image-preview:large, max-video-preview:-1\" \/>\n<link rel=\"canonical\" href=\"http:\/\/ftpweb.egm.es\/ca\/projectes-de-comunicacio\" \/>\n<meta property=\"og:locale\" content=\"ca_ES\" \/>\n<meta property=\"og:type\" content=\"article\" \/>\n<meta property=\"og:title\" content=\"Projectes de comunicaci\u00f3 - EGM\" \/>\n<meta property=\"og:description\" content=\"Dissenyem, produ\u00efm i instal\u00b7lem els teus projectes de comunicaci\u00f3 visual. Fem possible qualsevol espai que et puguis imaginar.\" \/>\n<meta property=\"og:url\" content=\"http:\/\/ftpweb.egm.es\/ca\/projectes-de-comunicacio\" \/>\n<meta property=\"og:site_name\" content=\"EGM\" \/>\n<meta property=\"article:modified_time\" content=\"2025-01-25T17:30:10+00:00\" \/>\n<meta name=\"twitter:card\" content=\"summary_large_image\" \/>\n<meta name=\"twitter:label1\" content=\"Temps estimat de lectura\" \/>\n\t<meta name=\"twitter:data1\" content=\"2 minuts\" \/>\n<script type=\"application\/ld+json\" class=\"yoast-schema-graph\">{\"@context\":\"https:\\\/\\\/schema.org\",\"@graph\":[{\"@type\":\"WebPage\",\"@id\":\"http:\\\/\\\/ftpweb.egm.es\\\/ca\\\/projectes-de-comunicacio\",\"url\":\"http:\\\/\\\/ftpweb.egm.es\\\/ca\\\/projectes-de-comunicacio\",\"name\":\"Projectes de comunicaci\u00f3 - EGM\",\"isPartOf\":{\"@id\":\"https:\\\/\\\/www2.egm.es\\\/#website\"},\"datePublished\":\"2024-05-22T10:50:18+00:00\",\"dateModified\":\"2025-01-25T17:30:10+00:00\",\"description\":\"Dissenyem, produ\u00efm i instal\u00b7lem els teus projectes de comunicaci\u00f3 visual. Fem possible qualsevol espai que et puguis imaginar.\",\"breadcrumb\":{\"@id\":\"http:\\\/\\\/ftpweb.egm.es\\\/ca\\\/projectes-de-comunicacio#breadcrumb\"},\"inLanguage\":\"ca\",\"potentialAction\":[{\"@type\":\"ReadAction\",\"target\":[\"http:\\\/\\\/ftpweb.egm.es\\\/ca\\\/projectes-de-comunicacio\"]}]},{\"@type\":\"BreadcrumbList\",\"@id\":\"http:\\\/\\\/ftpweb.egm.es\\\/ca\\\/projectes-de-comunicacio#breadcrumb\",\"itemListElement\":[{\"@type\":\"ListItem\",\"position\":1,\"name\":\"Portada\",\"item\":\"http:\\\/\\\/www.egm.es\\\/ca\"},{\"@type\":\"ListItem\",\"position\":2,\"name\":\"Projectes de comunicaci\u00f3\"}]},{\"@type\":\"WebSite\",\"@id\":\"https:\\\/\\\/www2.egm.es\\\/#website\",\"url\":\"https:\\\/\\\/www2.egm.es\\\/\",\"name\":\"EGM\",\"description\":\"Counicaci\u00f3n visual\",\"potentialAction\":[{\"@type\":\"SearchAction\",\"target\":{\"@type\":\"EntryPoint\",\"urlTemplate\":\"https:\\\/\\\/www2.egm.es\\\/?s={search_term_string}\"},\"query-input\":{\"@type\":\"PropertyValueSpecification\",\"valueRequired\":true,\"valueName\":\"search_term_string\"}}],\"inLanguage\":\"ca\"}]}<\/script>\n<!-- \/ Yoast SEO plugin. -->","yoast_head_json":{"title":"Projectes de comunicaci\u00f3 - EGM","description":"Dissenyem, produ\u00efm i instal\u00b7lem els teus projectes de comunicaci\u00f3 visual. Fem possible qualsevol espai que et puguis imaginar.","robots":{"index":"index","follow":"follow","max-snippet":"max-snippet:-1","max-image-preview":"max-image-preview:large","max-video-preview":"max-video-preview:-1"},"canonical":"http:\/\/ftpweb.egm.es\/ca\/projectes-de-comunicacio","og_locale":"ca_ES","og_type":"article","og_title":"Projectes de comunicaci\u00f3 - EGM","og_description":"Dissenyem, produ\u00efm i instal\u00b7lem els teus projectes de comunicaci\u00f3 visual. Fem possible qualsevol espai que et puguis imaginar.","og_url":"http:\/\/ftpweb.egm.es\/ca\/projectes-de-comunicacio","og_site_name":"EGM","article_modified_time":"2025-01-25T17:30:10+00:00","twitter_card":"summary_large_image","twitter_misc":{"Temps estimat de lectura":"2 minuts"},"schema":{"@context":"https:\/\/schema.org","@graph":[{"@type":"WebPage","@id":"http:\/\/ftpweb.egm.es\/ca\/projectes-de-comunicacio","url":"http:\/\/ftpweb.egm.es\/ca\/projectes-de-comunicacio","name":"Projectes de comunicaci\u00f3 - EGM","isPartOf":{"@id":"https:\/\/www2.egm.es\/#website"},"datePublished":"2024-05-22T10:50:18+00:00","dateModified":"2025-01-25T17:30:10+00:00","description":"Dissenyem, produ\u00efm i instal\u00b7lem els teus projectes de comunicaci\u00f3 visual. Fem possible qualsevol espai que et puguis imaginar.","breadcrumb":{"@id":"http:\/\/ftpweb.egm.es\/ca\/projectes-de-comunicacio#breadcrumb"},"inLanguage":"ca","potentialAction":[{"@type":"ReadAction","target":["http:\/\/ftpweb.egm.es\/ca\/projectes-de-comunicacio"]}]},{"@type":"BreadcrumbList","@id":"http:\/\/ftpweb.egm.es\/ca\/projectes-de-comunicacio#breadcrumb","itemListElement":[{"@type":"ListItem","position":1,"name":"Portada","item":"http:\/\/www.egm.es\/ca"},{"@type":"ListItem","position":2,"name":"Projectes de comunicaci\u00f3"}]},{"@type":"WebSite","@id":"https:\/\/www2.egm.es\/#website","url":"https:\/\/www2.egm.es\/","name":"EGM","description":"Counicaci\u00f3n visual","potentialAction":[{"@type":"SearchAction","target":{"@type":"EntryPoint","urlTemplate":"https:\/\/www2.egm.es\/?s={search_term_string}"},"query-input":{"@type":"PropertyValueSpecification","valueRequired":true,"valueName":"search_term_string"}}],"inLanguage":"ca"}]}},"_links":{"self":[{"href":"http:\/\/ftpweb.egm.es\/ca\/wp-json\/wp\/v2\/pages\/37904","targetHints":{"allow":["GET"]}}],"collection":[{"href":"http:\/\/ftpweb.egm.es\/ca\/wp-json\/wp\/v2\/pages"}],"about":[{"href":"http:\/\/ftpweb.egm.es\/ca\/wp-json\/wp\/v2\/types\/page"}],"author":[{"embeddable":true,"href":"http:\/\/ftpweb.egm.es\/ca\/wp-json\/wp\/v2\/users\/2"}],"replies":[{"embeddable":true,"href":"http:\/\/ftpweb.egm.es\/ca\/wp-json\/wp\/v2\/comments?post=37904"}],"version-history":[{"count":1,"href":"http:\/\/ftpweb.egm.es\/ca\/wp-json\/wp\/v2\/pages\/37904\/revisions"}],"predecessor-version":[{"id":37905,"href":"http:\/\/ftpweb.egm.es\/ca\/wp-json\/wp\/v2\/pages\/37904\/revisions\/37905"}],"wp:attachment":[{"href":"http:\/\/ftpweb.egm.es\/ca\/wp-json\/wp\/v2\/media?parent=37904"}],"curies":[{"name":"wp","href":"https:\/\/api.w.org\/{rel}","templated":true}]}}