{"id":37940,"date":"2024-05-23T09:20:46","date_gmt":"2024-05-23T09:20:46","guid":{"rendered":"https:\/\/egm4210.live-website.com\/marta-fabregas"},"modified":"2025-01-26T20:47:49","modified_gmt":"2025-01-26T20:47:49","slug":"marta-fabregas","status":"publish","type":"page","link":"http:\/\/ftpweb.egm.es\/en\/marta-fabregas","title":{"rendered":"Marta F\u00e0bregas"},"content":{"rendered":"\n\t<div id=\"gap-1052928583\" class=\"gap-element clearfix\" style=\"display:block; height:auto;\">\n\t\t\n<style>\n#gap-1052928583 {\n  padding-top: 30px;\n}\n<\/style>\n\t<\/div>\n\t\n\n<div class=\"row\"  id=\"row-1305072107\">\n\n\n\t<div id=\"col-90681233\" class=\"col medium-6 small-12 large-6\"  >\n\t\t\t\t<div class=\"col-inner\"  >\n\t\t\t\n\t\t\t\n\n<h1 style=\"font-size: 3em;\"><strong>Marta F\u00e0bregas<\/strong><\/h1>\n<h3><strong>Photographer<\/strong><\/h3>\n<p>Artist, feminist and activist. She studied photography at the IEFC and in 1998 founded her own studio in Barcelona (La Fotogr\u00e0fica). Since then she has dedicated herself exclusively to her studio, creating personal and artistic works and others commissioned by museums, companies and individuals. She also teaches classes, workshops and seminars.   <\/p>\n<p>His work is part of the private collection of the Fundaci\u00f3 Llu\u00eds Bassat, Fundaci\u00f3 SETBA and the Fundaci\u00f3 Artemizia (USA), among others.<\/p>\n<p>She has been actively involved with the Setba Foundation for the past two years, teaching workshops to benefit women. She has held solo exhibitions and has exhibited at international fairs around the world. <\/p>\n<p><span style=\"color: #000000;\"><a style=\"color: #000000;\" href=\"http:\/\/www.martafabregas.com\" target=\"_blank\" rel=\"noopener\"><strong>martafabregas.com<\/strong><\/a><\/span><\/p>\n<div class=\"social-icons follow-icons\" ><a href=\"https:\/\/www.instagram.com\/martafabregas.artista\" target=\"_blank\" data-label=\"Instagram\" class=\"icon button circle is-outline instagram tooltip\" title=\"Follow on Instagram\" aria-label=\"Follow on Instagram\" rel=\"noopener nofollow\" ><i class=\"icon-instagram\" ><\/i><\/a><a href=\"mailto:art@martafabregas.com\" data-label=\"E-mail\" target=\"_blank\" class=\"icon button circle is-outline email tooltip\" title=\"Send us an email\" aria-label=\"Send us an email\" rel=\"nofollow noopener\" ><i class=\"icon-envelop\" ><\/i><\/a><\/div>\n\n\n\t\t<\/div>\n\t\t\t\t\t<\/div>\n\n\t\n\n\t<div id=\"col-1335780240\" class=\"col medium-6 small-12 large-6\"  >\n\t\t\t\t<div class=\"col-inner\"  >\n\t\t\t\n\t\t\t\n\n\t<div class=\"img has-hover x md-x lg-x y md-y lg-y\" id=\"image_285176088\">\n\t\t\t\t\t\t\t\t<div class=\"img-inner dark\" >\n\t\t\t<img loading=\"lazy\" decoding=\"async\" width=\"672\" height=\"672\" src=\"http:\/\/ftpweb.egm.es\/wp-content\/uploads\/2021\/07\/RETRAT-MARTA-FABREGAS.jpg\" class=\"attachment-large size-large\" alt=\"\" \/>\t\t\t\t\t\t\n\t\t\t\t\t<\/div>\n\t\t\t\t\t\t\t\t\n<style>\n#image_285176088 {\n  width: 100%;\n}\n<\/style>\n\t<\/div>\n\t\n\n\n\t\t<\/div>\n\t\t\t\t\t<\/div>\n\n\t\n\n<\/div>\n\t<div id=\"gap-1209910137\" class=\"gap-element clearfix\" style=\"display:block; height:auto;\">\n\t\t\n<style>\n#gap-1209910137 {\n  padding-top: 30px;\n}\n<\/style>\n\t<\/div>\n\t\n\n<div class=\"row\"  id=\"row-1673971199\">\n\n\n\t<div id=\"col-1256865621\" class=\"col small-12 large-12\"  >\n\t\t\t\t<div class=\"col-inner\"  >\n\t\t\t\n\t\t\t\n\n<h3 style=\"text-align: center;\"><strong>Photographic work<br><\/strong><\/h3>\n\n\t\t<\/div>\n\t\t\t\t\t<\/div>\n\n\t\n\n<\/div>\n\t<div id=\"gap-1486571810\" class=\"gap-element clearfix\" style=\"display:block; height:auto;\">\n\t\t\n<style>\n#gap-1486571810 {\n  padding-top: 30px;\n}\n<\/style>\n\t<\/div>\n\t\n\n\n  \n    <div class=\"row large-columns-3 medium-columns- small-columns-1 slider row-slider slider-nav-reveal\"  data-flickity-options='{\"imagesLoaded\": true, \"groupCells\": \"100%\", \"dragThreshold\" : 5, \"cellAlign\": \"left\",\"wrapAround\": true,\"prevNextButtons\": true,\"percentPosition\": true,\"pageDots\": false, \"rightToLeft\": false, \"autoPlay\" : 3000}' >\n\n  <div class=\"gallery-col col\" >\n          <div class=\"col-inner\">\n            <a class=\"image-lightbox lightbox-gallery\" href=\"http:\/\/ftpweb.egm.es\/wp-content\/uploads\/2021\/07\/COLONIZADA-No60-846x1024.jpg\" title=\"\">            <div class=\"box has-hover gallery-box box-overlay dark\">\n              <div class=\"box-image image-cover\" style=\"padding-top:100%;\">\n                <img loading=\"lazy\" decoding=\"async\" width=\"248\" height=\"300\" src=\"http:\/\/ftpweb.egm.es\/wp-content\/uploads\/2021\/07\/COLONIZADA-No60-248x300.jpg\" class=\"attachment-medium size-medium\" alt=\"\" ids=\"22607,22608,22606,22622,22621,22626,22627,22651,22652,22611\" type=\"slider\" columns=\"3\" columns__sm=\"1\" auto_slide=\"3000\" image_height=\"100%\" \/>                                  <div class=\"overlay fill\"\n                      style=\"background-color: rgba(0,0,0,.15)\">\n                  <\/div>\n                                                              <\/div>\n              <div class=\"box-text text-left\" >\n                 <p><\/p>\n              <\/div>\n            <\/div>\n            <\/a>          <\/div>\n         <\/div><div class=\"gallery-col col\" >\n          <div class=\"col-inner\">\n            <a class=\"image-lightbox lightbox-gallery\" href=\"http:\/\/ftpweb.egm.es\/wp-content\/uploads\/2021\/07\/COLONIZADA-No64-784x1024.jpg\" title=\"\">            <div class=\"box has-hover gallery-box box-overlay dark\">\n              <div class=\"box-image image-cover\" style=\"padding-top:100%;\">\n                <img loading=\"lazy\" decoding=\"async\" width=\"230\" height=\"300\" src=\"http:\/\/ftpweb.egm.es\/wp-content\/uploads\/2021\/07\/COLONIZADA-No64-230x300.jpg\" class=\"attachment-medium size-medium\" alt=\"\" ids=\"22607,22608,22606,22622,22621,22626,22627,22651,22652,22611\" type=\"slider\" columns=\"3\" columns__sm=\"1\" auto_slide=\"3000\" image_height=\"100%\" \/>                                  <div class=\"overlay fill\"\n                      style=\"background-color: rgba(0,0,0,.15)\">\n                  <\/div>\n                                                              <\/div>\n              <div class=\"box-text text-left\" >\n                 <p><\/p>\n              <\/div>\n            <\/div>\n            <\/a>          <\/div>\n         <\/div><div class=\"gallery-col col\" >\n          <div class=\"col-inner\">\n            <a class=\"image-lightbox lightbox-gallery\" href=\"http:\/\/ftpweb.egm.es\/wp-content\/uploads\/2021\/07\/COLONIZADA-No17.jpg\" title=\"\">            <div class=\"box has-hover gallery-box box-overlay dark\">\n              <div class=\"box-image image-cover\" style=\"padding-top:100%;\">\n                <img loading=\"lazy\" decoding=\"async\" width=\"234\" height=\"300\" src=\"http:\/\/ftpweb.egm.es\/wp-content\/uploads\/2021\/07\/COLONIZADA-No17-234x300.jpg\" class=\"attachment-medium size-medium\" alt=\"\" ids=\"22607,22608,22606,22622,22621,22626,22627,22651,22652,22611\" type=\"slider\" columns=\"3\" columns__sm=\"1\" auto_slide=\"3000\" image_height=\"100%\" \/>                                  <div class=\"overlay fill\"\n                      style=\"background-color: rgba(0,0,0,.15)\">\n                  <\/div>\n                                                              <\/div>\n              <div class=\"box-text text-left\" >\n                 <p><\/p>\n              <\/div>\n            <\/div>\n            <\/a>          <\/div>\n         <\/div><div class=\"gallery-col col\" >\n          <div class=\"col-inner\">\n            <a class=\"image-lightbox lightbox-gallery\" href=\"http:\/\/ftpweb.egm.es\/wp-content\/uploads\/2021\/07\/IMPERFECTA-No06-849x1024.jpg\" title=\"\">            <div class=\"box has-hover gallery-box box-overlay dark\">\n              <div class=\"box-image image-cover\" style=\"padding-top:100%;\">\n                <img loading=\"lazy\" decoding=\"async\" width=\"249\" height=\"300\" src=\"http:\/\/ftpweb.egm.es\/wp-content\/uploads\/2021\/07\/IMPERFECTA-No06-249x300.jpg\" class=\"attachment-medium size-medium\" alt=\"\" ids=\"22607,22608,22606,22622,22621,22626,22627,22651,22652,22611\" type=\"slider\" columns=\"3\" columns__sm=\"1\" auto_slide=\"3000\" image_height=\"100%\" \/>                                  <div class=\"overlay fill\"\n                      style=\"background-color: rgba(0,0,0,.15)\">\n                  <\/div>\n                                                              <\/div>\n              <div class=\"box-text text-left\" >\n                 <p><\/p>\n              <\/div>\n            <\/div>\n            <\/a>          <\/div>\n         <\/div><div class=\"gallery-col col\" >\n          <div class=\"col-inner\">\n            <a class=\"image-lightbox lightbox-gallery\" href=\"http:\/\/ftpweb.egm.es\/wp-content\/uploads\/2021\/07\/IMPERFECTA-No04-786x1024.jpg\" title=\"\">            <div class=\"box has-hover gallery-box box-overlay dark\">\n              <div class=\"box-image image-cover\" style=\"padding-top:100%;\">\n                <img loading=\"lazy\" decoding=\"async\" width=\"230\" height=\"300\" src=\"http:\/\/ftpweb.egm.es\/wp-content\/uploads\/2021\/07\/IMPERFECTA-No04-230x300.jpg\" class=\"attachment-medium size-medium\" alt=\"\" ids=\"22607,22608,22606,22622,22621,22626,22627,22651,22652,22611\" type=\"slider\" columns=\"3\" columns__sm=\"1\" auto_slide=\"3000\" image_height=\"100%\" \/>                                  <div class=\"overlay fill\"\n                      style=\"background-color: rgba(0,0,0,.15)\">\n                  <\/div>\n                                                              <\/div>\n              <div class=\"box-text text-left\" >\n                 <p><\/p>\n              <\/div>\n            <\/div>\n            <\/a>          <\/div>\n         <\/div><div class=\"gallery-col col\" >\n          <div class=\"col-inner\">\n            <a class=\"image-lightbox lightbox-gallery\" href=\"http:\/\/ftpweb.egm.es\/wp-content\/uploads\/2021\/07\/LILITHS-DAUGTHER-No03-1024x711.jpg\" title=\"\">            <div class=\"box has-hover gallery-box box-overlay dark\">\n              <div class=\"box-image image-cover\" style=\"padding-top:100%;\">\n                <img loading=\"lazy\" decoding=\"async\" width=\"300\" height=\"208\" src=\"http:\/\/ftpweb.egm.es\/wp-content\/uploads\/2021\/07\/LILITHS-DAUGTHER-No03-300x208.jpg\" class=\"attachment-medium size-medium\" alt=\"\" ids=\"22607,22608,22606,22622,22621,22626,22627,22651,22652,22611\" type=\"slider\" columns=\"3\" columns__sm=\"1\" auto_slide=\"3000\" image_height=\"100%\" \/>                                  <div class=\"overlay fill\"\n                      style=\"background-color: rgba(0,0,0,.15)\">\n                  <\/div>\n                                                              <\/div>\n              <div class=\"box-text text-left\" >\n                 <p><\/p>\n              <\/div>\n            <\/div>\n            <\/a>          <\/div>\n         <\/div><div class=\"gallery-col col\" >\n          <div class=\"col-inner\">\n            <a class=\"image-lightbox lightbox-gallery\" href=\"http:\/\/ftpweb.egm.es\/wp-content\/uploads\/2021\/07\/LILITHS-DAUGTHER-No06-1024x766.jpg\" title=\"\">            <div class=\"box has-hover gallery-box box-overlay dark\">\n              <div class=\"box-image image-cover\" style=\"padding-top:100%;\">\n                <img loading=\"lazy\" decoding=\"async\" width=\"300\" height=\"224\" src=\"http:\/\/ftpweb.egm.es\/wp-content\/uploads\/2021\/07\/LILITHS-DAUGTHER-No06-300x224.jpg\" class=\"attachment-medium size-medium\" alt=\"\" ids=\"22607,22608,22606,22622,22621,22626,22627,22651,22652,22611\" type=\"slider\" columns=\"3\" columns__sm=\"1\" auto_slide=\"3000\" image_height=\"100%\" \/>                                  <div class=\"overlay fill\"\n                      style=\"background-color: rgba(0,0,0,.15)\">\n                  <\/div>\n                                                              <\/div>\n              <div class=\"box-text text-left\" >\n                 <p><\/p>\n              <\/div>\n            <\/div>\n            <\/a>          <\/div>\n         <\/div><div class=\"gallery-col col\" >\n          <div class=\"col-inner\">\n            <a class=\"image-lightbox lightbox-gallery\" href=\"http:\/\/ftpweb.egm.es\/wp-content\/uploads\/2021\/07\/REBEL-No05-1024x742.jpg\" title=\"\">            <div class=\"box has-hover gallery-box box-overlay dark\">\n              <div class=\"box-image image-cover\" style=\"padding-top:100%;\">\n                <img loading=\"lazy\" decoding=\"async\" width=\"300\" height=\"217\" src=\"http:\/\/ftpweb.egm.es\/wp-content\/uploads\/2021\/07\/REBEL-No05-300x217.jpg\" class=\"attachment-medium size-medium\" alt=\"\" ids=\"22607,22608,22606,22622,22621,22626,22627,22651,22652,22611\" type=\"slider\" columns=\"3\" columns__sm=\"1\" auto_slide=\"3000\" image_height=\"100%\" \/>                                  <div class=\"overlay fill\"\n                      style=\"background-color: rgba(0,0,0,.15)\">\n                  <\/div>\n                                                              <\/div>\n              <div class=\"box-text text-left\" >\n                 <p><\/p>\n              <\/div>\n            <\/div>\n            <\/a>          <\/div>\n         <\/div><div class=\"gallery-col col\" >\n          <div class=\"col-inner\">\n            <a class=\"image-lightbox lightbox-gallery\" href=\"http:\/\/ftpweb.egm.es\/wp-content\/uploads\/2021\/07\/REBEL-No06-1024x743.jpg\" title=\"\">            <div class=\"box has-hover gallery-box box-overlay dark\">\n              <div class=\"box-image image-cover\" style=\"padding-top:100%;\">\n                <img loading=\"lazy\" decoding=\"async\" width=\"300\" height=\"218\" src=\"http:\/\/ftpweb.egm.es\/wp-content\/uploads\/2021\/07\/REBEL-No06-300x218.jpg\" class=\"attachment-medium size-medium\" alt=\"\" ids=\"22607,22608,22606,22622,22621,22626,22627,22651,22652,22611\" type=\"slider\" columns=\"3\" columns__sm=\"1\" auto_slide=\"3000\" image_height=\"100%\" \/>                                  <div class=\"overlay fill\"\n                      style=\"background-color: rgba(0,0,0,.15)\">\n                  <\/div>\n                                                              <\/div>\n              <div class=\"box-text text-left\" >\n                 <p><\/p>\n              <\/div>\n            <\/div>\n            <\/a>          <\/div>\n         <\/div><div class=\"gallery-col col\" >\n          <div class=\"col-inner\">\n            <a class=\"image-lightbox lightbox-gallery\" href=\"http:\/\/ftpweb.egm.es\/wp-content\/uploads\/2021\/07\/DIVER-No12.jpg\" title=\"\">            <div class=\"box has-hover gallery-box box-overlay dark\">\n              <div class=\"box-image image-cover\" style=\"padding-top:100%;\">\n                <img loading=\"lazy\" decoding=\"async\" width=\"300\" height=\"300\" src=\"http:\/\/ftpweb.egm.es\/wp-content\/uploads\/2021\/07\/DIVER-No12-300x300.jpg\" class=\"attachment-medium size-medium\" alt=\"\" ids=\"22607,22608,22606,22622,22621,22626,22627,22651,22652,22611\" type=\"slider\" columns=\"3\" columns__sm=\"1\" auto_slide=\"3000\" image_height=\"100%\" \/>                                  <div class=\"overlay fill\"\n                      style=\"background-color: rgba(0,0,0,.15)\">\n                  <\/div>\n                                                              <\/div>\n              <div class=\"box-text text-left\" >\n                 <p><\/p>\n              <\/div>\n            <\/div>\n            <\/a>          <\/div>\n         <\/div><\/div>\n\n\t<div id=\"gap-1195336187\" class=\"gap-element clearfix\" style=\"display:block; height:auto;\">\n\t\t\n<style>\n#gap-1195336187 {\n  padding-top: 30px;\n}\n<\/style>\n\t<\/div>\n\t\n\n<div class=\"row\"  id=\"row-307952410\">\n\n\n\t<div id=\"col-1802518591\" class=\"col small-12 large-12\"  >\n\t\t\t\t<div class=\"col-inner text-center\"  >\n\t\t\t\n\t\t\t\n\n<a href=\"https:\/\/egm.es\/en\/expo-gallery\" class=\"button primary is-outline lowercase\"  style=\"border-radius:6px;\">\n    <span>Expo Gallery<\/span>\n  <\/a>\n\n\n\n\t\t<\/div>\n\t\t\t\t\t<\/div>\n\n\t\n\n<\/div>\n\n","protected":false},"excerpt":{"rendered":"","protected":false},"author":2,"featured_media":0,"parent":0,"menu_order":0,"comment_status":"closed","ping_status":"closed","template":"","meta":{"footnotes":""},"class_list":["post-37940","page","type-page","status-publish","hentry"],"yoast_head":"<!-- This site is optimized with the Yoast SEO plugin v27.3 - https:\/\/yoast.com\/product\/yoast-seo-wordpress\/ -->\n<title>Marta F\u00e0bregas - EGM<\/title>\n<meta name=\"robots\" content=\"index, follow, max-snippet:-1, max-image-preview:large, max-video-preview:-1\" \/>\n<link rel=\"canonical\" href=\"http:\/\/ftpweb.egm.es\/en\/marta-fabregas\" \/>\n<meta property=\"og:locale\" content=\"en_US\" \/>\n<meta property=\"og:type\" content=\"article\" \/>\n<meta property=\"og:title\" content=\"Marta F\u00e0bregas - EGM\" \/>\n<meta property=\"og:url\" content=\"http:\/\/ftpweb.egm.es\/en\/marta-fabregas\" \/>\n<meta property=\"og:site_name\" content=\"EGM\" \/>\n<meta property=\"article:modified_time\" content=\"2025-01-26T20:47:49+00:00\" \/>\n<meta name=\"twitter:card\" content=\"summary_large_image\" \/>\n<meta name=\"twitter:label1\" content=\"Est. reading time\" \/>\n\t<meta name=\"twitter:data1\" content=\"1 minute\" \/>\n<script type=\"application\/ld+json\" class=\"yoast-schema-graph\">{\"@context\":\"https:\\\/\\\/schema.org\",\"@graph\":[{\"@type\":\"WebPage\",\"@id\":\"http:\\\/\\\/ftpweb.egm.es\\\/en\\\/marta-fabregas\",\"url\":\"http:\\\/\\\/ftpweb.egm.es\\\/en\\\/marta-fabregas\",\"name\":\"Marta F\u00e0bregas - EGM\",\"isPartOf\":{\"@id\":\"https:\\\/\\\/www2.egm.es\\\/#website\"},\"datePublished\":\"2024-05-23T09:20:46+00:00\",\"dateModified\":\"2025-01-26T20:47:49+00:00\",\"breadcrumb\":{\"@id\":\"http:\\\/\\\/ftpweb.egm.es\\\/en\\\/marta-fabregas#breadcrumb\"},\"inLanguage\":\"en-US\",\"potentialAction\":[{\"@type\":\"ReadAction\",\"target\":[\"http:\\\/\\\/ftpweb.egm.es\\\/en\\\/marta-fabregas\"]}]},{\"@type\":\"BreadcrumbList\",\"@id\":\"http:\\\/\\\/ftpweb.egm.es\\\/en\\\/marta-fabregas#breadcrumb\",\"itemListElement\":[{\"@type\":\"ListItem\",\"position\":1,\"name\":\"Portada\",\"item\":\"http:\\\/\\\/www2.egm.es\\\/en\"},{\"@type\":\"ListItem\",\"position\":2,\"name\":\"Marta F\u00e0bregas\"}]},{\"@type\":\"WebSite\",\"@id\":\"https:\\\/\\\/www2.egm.es\\\/#website\",\"url\":\"https:\\\/\\\/www2.egm.es\\\/\",\"name\":\"EGM\",\"description\":\"Counicaci\u00f3n visual\",\"potentialAction\":[{\"@type\":\"SearchAction\",\"target\":{\"@type\":\"EntryPoint\",\"urlTemplate\":\"https:\\\/\\\/www2.egm.es\\\/?s={search_term_string}\"},\"query-input\":{\"@type\":\"PropertyValueSpecification\",\"valueRequired\":true,\"valueName\":\"search_term_string\"}}],\"inLanguage\":\"en-US\"}]}<\/script>\n<!-- \/ Yoast SEO plugin. -->","yoast_head_json":{"title":"Marta F\u00e0bregas - EGM","robots":{"index":"index","follow":"follow","max-snippet":"max-snippet:-1","max-image-preview":"max-image-preview:large","max-video-preview":"max-video-preview:-1"},"canonical":"http:\/\/ftpweb.egm.es\/en\/marta-fabregas","og_locale":"en_US","og_type":"article","og_title":"Marta F\u00e0bregas - EGM","og_url":"http:\/\/ftpweb.egm.es\/en\/marta-fabregas","og_site_name":"EGM","article_modified_time":"2025-01-26T20:47:49+00:00","twitter_card":"summary_large_image","twitter_misc":{"Est. reading time":"1 minute"},"schema":{"@context":"https:\/\/schema.org","@graph":[{"@type":"WebPage","@id":"http:\/\/ftpweb.egm.es\/en\/marta-fabregas","url":"http:\/\/ftpweb.egm.es\/en\/marta-fabregas","name":"Marta F\u00e0bregas - EGM","isPartOf":{"@id":"https:\/\/www2.egm.es\/#website"},"datePublished":"2024-05-23T09:20:46+00:00","dateModified":"2025-01-26T20:47:49+00:00","breadcrumb":{"@id":"http:\/\/ftpweb.egm.es\/en\/marta-fabregas#breadcrumb"},"inLanguage":"en-US","potentialAction":[{"@type":"ReadAction","target":["http:\/\/ftpweb.egm.es\/en\/marta-fabregas"]}]},{"@type":"BreadcrumbList","@id":"http:\/\/ftpweb.egm.es\/en\/marta-fabregas#breadcrumb","itemListElement":[{"@type":"ListItem","position":1,"name":"Portada","item":"http:\/\/www2.egm.es\/en"},{"@type":"ListItem","position":2,"name":"Marta F\u00e0bregas"}]},{"@type":"WebSite","@id":"https:\/\/www2.egm.es\/#website","url":"https:\/\/www2.egm.es\/","name":"EGM","description":"Counicaci\u00f3n visual","potentialAction":[{"@type":"SearchAction","target":{"@type":"EntryPoint","urlTemplate":"https:\/\/www2.egm.es\/?s={search_term_string}"},"query-input":{"@type":"PropertyValueSpecification","valueRequired":true,"valueName":"search_term_string"}}],"inLanguage":"en-US"}]}},"_links":{"self":[{"href":"http:\/\/ftpweb.egm.es\/en\/wp-json\/wp\/v2\/pages\/37940","targetHints":{"allow":["GET"]}}],"collection":[{"href":"http:\/\/ftpweb.egm.es\/en\/wp-json\/wp\/v2\/pages"}],"about":[{"href":"http:\/\/ftpweb.egm.es\/en\/wp-json\/wp\/v2\/types\/page"}],"author":[{"embeddable":true,"href":"http:\/\/ftpweb.egm.es\/en\/wp-json\/wp\/v2\/users\/2"}],"replies":[{"embeddable":true,"href":"http:\/\/ftpweb.egm.es\/en\/wp-json\/wp\/v2\/comments?post=37940"}],"version-history":[{"count":1,"href":"http:\/\/ftpweb.egm.es\/en\/wp-json\/wp\/v2\/pages\/37940\/revisions"}],"predecessor-version":[{"id":37941,"href":"http:\/\/ftpweb.egm.es\/en\/wp-json\/wp\/v2\/pages\/37940\/revisions\/37941"}],"wp:attachment":[{"href":"http:\/\/ftpweb.egm.es\/en\/wp-json\/wp\/v2\/media?parent=37940"}],"curies":[{"name":"wp","href":"https:\/\/api.w.org\/{rel}","templated":true}]}}